{"id":3550,"date":"2023-02-20T18:37:06","date_gmt":"2023-02-20T18:37:06","guid":{"rendered":"https:\/\/www2.versat.ag\/?page_id=3550"},"modified":"2026-03-25T17:43:14","modified_gmt":"2026-03-25T17:43:14","slug":"erp-agro","status":"publish","type":"page","link":"https:\/\/versat.ag\/en\/erp-agro\/","title":{"rendered":"Agri ERP"},"content":{"rendered":"<div class=\"wpb-content-wrapper\"><section id=\"banner\" class=\"vc_section\"><div class=\"container\"><div class=\"vc_row wpb_row vc_row-fluid\"><div class=\"wpb_column vc_column_container vc_col-sm-12\"><div class=\"vc_column-inner\"><div class=\"wpb_wrapper\"><div ><div class=\"vc_row wpb_row vc_inner vc_row-fluid align-items-center vc_row-o-content-middle vc_row-flex\"><div class=\"res-margin wpb_column vc_column_container vc_col-sm-6 vc_col-lg-6 vc_col-md-7\"><div class=\"vc_column-inner\"><div class=\"wpb_wrapper\"><div class=\"banner-text\">\r\n\t\t\t\t\t<h1 class=\"wow fadeInUp\" data-wow-offset=\"10\" data-wow-duration=\"1s\" data-wow-delay=\"0s\">Versat ERP agro: el sistema con el mejor costo beneficio para el Paraguay<\/h1><p class=\"wow fadeInUp\" data-wow-offset=\"10\" data-wow-duration=\"1s\" data-wow-delay=\"0.3s\"><span style=\"font-weight: 400; color: #ffffff;\">Count on a simple, reliable, secure, 100% cloud-based system, fully designed for agribusiness.<\/span><\/p><\/div><div class=\"button-store wow fadeInUp\" data-wow-offset=\"10\" data-wow-duration=\"1s\" data-wow-delay=\"0.6s\"><a class=\"custom-btn  d-inline-flex align-items-center m-2 m-sm-0 me-sm-3\" href=\"https:\/\/calendar.google.com\/calendar\/u\/0\/appointments\/schedules\/AcZssZ26n8NpPkpx8DmsGUb6CoY3M1o0N-8cPh2CLGYI3IFzc3GoNTWie0fAocI7ZyuI2Mi2oDl7kNpV\" ><i class=\"\"><\/i><p>Schedule a demo<\/p><\/a><a class=\"custom-btn  d-inline-flex align-items-center m-2 m-sm-0 me-sm-3\" href=\"https:\/\/versat.ag\/en\/precios-erp\/\" ><i class=\"\"><\/i><p>Prices<\/p><\/a><\/div><\/div><\/div><\/div><div class=\"wpb_column vc_column_container vc_col-sm-6 vc_col-lg-6 vc_col-md-5\"><div class=\"vc_column-inner\"><div class=\"wpb_wrapper\">\n\t<div  class=\"wpb_single_image wpb_content_element vc_align_left  wpb_animate_when_almost_visible wpb_fadeInRight fadeInRight\">\n\t\t\n\t\t<figure class=\"wpb_wrapper vc_figure\">\n\t\t\t<div class=\"vc_single_image-wrapper   vc_box_border_grey\"><img loading=\"lazy\" decoding=\"async\" width=\"675\" height=\"656\" src=\"https:\/\/versat.ag\/wp-content\/uploads\/2023\/03\/logo-versat-erp-crm-nube-pantalla-computadora.PNG-1.png\" class=\"vc_single_image-img attachment-large\" alt=\"\" title=\"logo-versat-erp-crm-nube-pantalla-computadora.PNG\" srcset=\"https:\/\/versat.ag\/wp-content\/uploads\/2023\/03\/logo-versat-erp-crm-nube-pantalla-computadora.PNG-1.png 675w, https:\/\/versat.ag\/wp-content\/uploads\/2023\/03\/logo-versat-erp-crm-nube-pantalla-computadora.PNG-1-300x292.png 300w\" sizes=\"auto, (max-width: 675px) 100vw, 675px\" \/><\/div>\n\t\t<\/figure>\n\t<\/div>\n<\/div><\/div><\/div><\/div><\/div><\/div><\/div><\/div><\/div><\/div><\/section><section class=\"vc_section bg-grey\"><div class=\"container\"><div class=\"vc_row wpb_row vc_row-fluid\"><div class=\"wpb_column vc_column_container vc_col-sm-12\"><div class=\"vc_column-inner\"><div class=\"wpb_wrapper\"><\/div><\/div><\/div><div class=\"wpb_column vc_column_container vc_col-sm-12\"><div class=\"vc_column-inner\"><div class=\"wpb_wrapper\"><div class=\"vc_empty_space\"   style=\"height: 32px\"><span class=\"vc_empty_space_inner\"><\/span><\/div><div class=\"row justify-content-center\"><div class=\"col-12 col-md-10 col-lg-6\"><div class=\"section-title text-center\"><h3>Versat ERP caters to the needs of the entire agribusiness chain, from farm to fork.<\/h3><\/div><\/div><\/div><\/div><\/div><\/div><\/div><div class=\"vc_row wpb_row vc_row-fluid\"><div class=\"wpb_column vc_column_container vc_col-sm-4\"><div class=\"vc_column-inner\"><div class=\"wpb_wrapper\"><div class=\"overview-item\" ><div class=\"overview-box d-flex flex-wrap\">\r\n\t\t\t\t\t<div class=\"icon\">\r\n\t\t\t\t\t\t<img decoding=\"async\" src=\"https:\/\/versat.ag\/wp-content\/uploads\/2023\/03\/Insumos.png\" alt=\"\" \/>\r\n\t\t\t\t\t<\/div>\r\n\t\t\t\t\t<div class=\"content\">\r\n\t\t\t\t\t\t<h6 class=\"font-weight-bold mb-2 mt-0\">Inputs Trading<\/h6>\r\n\t\t\t\t\t\t<p><a class=\"vc_general vc_btn3 vc_btn3-size-md vc_btn3-shape-rounded vc_btn3-style-outline vc_btn3-color-white\" title=\"Solucciones\" href=\"https:\/\/versat.ag\/en\/comercio-de-insumos\/\">Learn more<\/a><\/p>\r\n\t\t\t\t\t<\/div>\r\n\t\t\t\t<\/div><\/div><div class=\"overview-item\" ><div class=\"overview-box d-flex flex-wrap\">\r\n\t\t\t\t\t<div class=\"icon\">\r\n\t\t\t\t\t\t<img decoding=\"async\" src=\"https:\/\/versat.ag\/wp-content\/uploads\/2023\/03\/Granos-Graos.png\" alt=\"\" \/>\r\n\t\t\t\t\t<\/div>\r\n\t\t\t\t\t<div class=\"content\">\r\n\t\t\t\t\t\t<h6 class=\"font-weight-bold mb-2 mt-0\">Inputs+Grain trading<\/h6>\r\n\t\t\t\t\t\t<p><a class=\"vc_general vc_btn3 vc_btn3-size-md vc_btn3-shape-rounded vc_btn3-style-outline vc_btn3-color-white\" title=\"Solucciones\" href=\"https:\/\/versat.ag\/en\/comercializacion-de-insumos-granos\/\">Learn more<\/a><\/p>\r\n\t\t\t\t\t<\/div>\r\n\t\t\t\t<\/div><\/div><\/div><\/div><\/div><div class=\"wpb_column vc_column_container vc_col-sm-4\"><div class=\"vc_column-inner\"><div class=\"wpb_wrapper\"><div class=\"overview-item\" ><div class=\"overview-box d-flex flex-wrap\">\r\n\t\t\t\t\t<div class=\"icon\">\r\n\t\t\t\t\t\t<img decoding=\"async\" src=\"https:\/\/versat.ag\/wp-content\/uploads\/2023\/03\/noun-silos-4497198.png\" alt=\"\" \/>\r\n\t\t\t\t\t<\/div>\r\n\t\t\t\t\t<div class=\"content\">\r\n\t\t\t\t\t\t<h6 class=\"font-weight-bold mb-2 mt-0\">Grain Trading<\/h6>\r\n\t\t\t\t\t\t<p><a class=\"vc_general vc_btn3 vc_btn3-size-md vc_btn3-shape-rounded vc_btn3-style-outline vc_btn3-color-white\" title=\"Solucciones\" href=\"https:\/\/versat.ag\/en\/comercializacion-de-granos\/\">Learn more<\/a><\/p>\r\n\t\t\t\t\t<\/div>\r\n\t\t\t\t<\/div><\/div><div class=\"overview-item\" ><div class=\"overview-box d-flex flex-wrap\">\r\n\t\t\t\t\t<div class=\"icon\">\r\n\t\t\t\t\t\t<img decoding=\"async\" src=\"https:\/\/versat.ag\/wp-content\/uploads\/2023\/03\/noun-industry-1383239-industria.png\" alt=\"\" \/>\r\n\t\t\t\t\t<\/div>\r\n\t\t\t\t\t<div class=\"content\">\r\n\t\t\t\t\t\t<h6 class=\"font-weight-bold mb-2 mt-0\">Industry<\/h6>\r\n\t\t\t\t\t\t<p><a class=\"vc_general vc_btn3 vc_btn3-size-md vc_btn3-shape-rounded vc_btn3-style-outline vc_btn3-color-white\" title=\"Solucciones\" href=\"https:\/\/versat.ag\/en\/agroindustria\/\">Learn more<\/a><\/p>\r\n\t\t\t\t\t<\/div>\r\n\t\t\t\t<\/div><\/div><\/div><\/div><\/div><div class=\"wpb_column vc_column_container vc_col-sm-4\"><div class=\"vc_column-inner\"><div class=\"wpb_wrapper\"><div class=\"overview-item\" ><div class=\"overview-box d-flex flex-wrap\">\r\n\t\t\t\t\t<div class=\"icon\">\r\n\t\t\t\t\t\t<img decoding=\"async\" src=\"https:\/\/versat.ag\/wp-content\/uploads\/2023\/03\/Fazendeiro-farmer-agronomo.png\" alt=\"\" \/>\r\n\t\t\t\t\t<\/div>\r\n\t\t\t\t\t<div class=\"content\">\r\n\t\t\t\t\t\t<h6 class=\"font-weight-bold mb-2 mt-0\">Agricultural Production<\/h6>\r\n\t\t\t\t\t\t<p><a class=\"vc_general vc_btn3 vc_btn3-size-md vc_btn3-shape-rounded vc_btn3-style-outline vc_btn3-color-white\" title=\"Solucciones\" href=\"https:\/\/versat.ag\/en\/produccion-agricola\/\">Learn more<\/a><\/p>\r\n\t\t\t\t\t<\/div>\r\n\t\t\t\t<\/div><\/div><div class=\"overview-item\" ><div class=\"overview-box d-flex flex-wrap\">\r\n\t\t\t\t\t<div class=\"icon\">\r\n\t\t\t\t\t\t<img decoding=\"async\" src=\"https:\/\/versat.ag\/wp-content\/uploads\/2023\/03\/cONTABILIDADE-CALCULO.png\" alt=\"\" \/>\r\n\t\t\t\t\t<\/div>\r\n\t\t\t\t\t<div class=\"content\">\r\n\t\t\t\t\t\t<h6 class=\"font-weight-bold mb-2 mt-0\">Partners<\/h6>\r\n\t\t\t\t\t\t<p><a class=\"vc_general vc_btn3 vc_btn3-size-md vc_btn3-shape-rounded vc_btn3-style-outline vc_btn3-color-white\" title=\"Solucciones\" href=\"https:\/\/versat.ag\/en\/partners\/\">Learn more<\/a><\/p>\r\n\t\t\t\t\t<\/div>\r\n\t\t\t\t<\/div><\/div><\/div><\/div><\/div><\/div><\/div><\/section><section id=\"parallax-video\" class=\"vc_section vc_custom_1680185205920 parallax\"><div class=\"overlay\"><\/div><div class=\"container\"><div class=\"vc_row wpb_row vc_row-fluid\"><div class=\"wpb_column vc_column_container vc_col-sm-12\"><div class=\"vc_column-inner\"><div class=\"wpb_wrapper\"><div class=\"vc_empty_space\"   style=\"height: 32px\"><span class=\"vc_empty_space_inner\"><\/span><\/div><div class=\"row justify-content-center\"><div class=\"col-12 col-md-10 col-lg-6\"><div class=\"section-title text-center\"><h3>The first vertically integrated agribusiness management software hosted in the cloud.<\/h3><\/div><\/div><\/div><\/div><\/div><\/div><\/div><div class=\"vc_row wpb_row vc_row-fluid\"><div class=\"wpb_column vc_column_container vc_col-sm-3\"><div class=\"vc_column-inner\"><div class=\"wpb_wrapper\"><div class=\"service-single service-style-2 res-margin wow fadeInUp\" data-wow-offset=\"10\" data-wow-duration=\"1s\" data-wow-delay=\"0s\">\r\n\t\t\t\t\t<div class=\"icon icon-ecommerce-dollar\">\r\n\t\t\t\t\t\t\r\n\t\t\t\t\t<\/div>\r\n\t\t\t\t\t<h5>Eliminate hardware costs<\/h5>\r\n\t\t\t\t\t<p><span style=\"color: #ffffff;\">Forget about local servers, storage, and equipment expenses.<\/span><\/p>\r\n\t\t\t\t<\/div><\/div><\/div><\/div><div class=\"wpb_column vc_column_container vc_col-sm-3\"><div class=\"vc_column-inner\"><div class=\"wpb_wrapper\"><div class=\"service-single service-style-2 res-margin wow fadeInUp\" data-wow-offset=\"10\" data-wow-duration=\"1s\" data-wow-delay=\"0.3s\">\r\n\t\t\t\t\t<div class=\"icon icon-basic-world\">\r\n\t\t\t\t\t\t\r\n\t\t\t\t\t<\/div>\r\n\t\t\t\t\t<h5>Ensure scalability<\/h5>\r\n\t\t\t\t\t<p><span style=\"font-weight: 400; color: #ffffff;\">Easily scale your operation by adding new users.<\/span><\/p>\r\n\t\t\t\t<\/div><\/div><\/div><\/div><div class=\"wpb_column vc_column_container vc_col-sm-3\"><div class=\"vc_column-inner\"><div class=\"wpb_wrapper\"><div class=\"service-single service-style-2 res-margin wow fadeInUp\" data-wow-offset=\"10\" data-wow-duration=\"1s\" data-wow-delay=\"0.6s\">\r\n\t\t\t\t\t<div class=\"icon icon-basic-lock\">\r\n\t\t\t\t\t\t\r\n\t\t\t\t\t<\/div>\r\n\t\t\t\t\t<h5>Work with total security<\/h5>\r\n\t\t\t\t\t<p><span style=\"color: #ffffff;\">Count on resources to guarantee the security and privacy of your data.<\/span><\/p>\r\n\t\t\t\t<\/div><\/div><\/div><\/div><div class=\"wpb_column vc_column_container vc_col-sm-3\"><div class=\"vc_column-inner\"><div class=\"wpb_wrapper\"><div class=\"service-single service-style-2 res-margin wow fadeInUp\" data-wow-offset=\"10\" data-wow-duration=\"1s\" data-wow-delay=\"0.6s\">\r\n\t\t\t\t\t<div class=\"icon icon-basic-chronometer\">\r\n\t\t\t\t\t\t\r\n\t\t\t\t\t<\/div>\r\n\t\t\t\t\t<h5>Agile implementation<\/h5>\r\n\t\t\t\t\t<p><span style=\"color: #ffffff;\">Our clients see results in an average of 90 days.<\/span><\/p>\r\n\t\t\t\t<\/div><\/div><\/div><\/div><\/div><div class=\"vc_row wpb_row vc_row-fluid\"><div class=\"wpb_column vc_column_container vc_col-sm-12\"><div class=\"vc_column-inner\"><div class=\"wpb_wrapper\"><div class=\"vc_empty_space\"   style=\"height: 62px\"><span class=\"vc_empty_space_inner\"><\/span><\/div><div class=\"vc_btn3-container vc_btn3-center\" ><a class=\"vc_general vc_btn3 vc_btn3-size-lg vc_btn3-shape-rounded vc_btn3-style-outline vc_btn3-color-white\" href=\"https:\/\/calendar.google.com\/calendar\/u\/0\/appointments\/schedules\/AcZssZ26n8NpPkpx8DmsGUb6CoY3M1o0N-8cPh2CLGYI3IFzc3GoNTWie0fAocI7ZyuI2Mi2oDl7kNpV\" title=\"Schedule free demo\" target=\"_blank\">Schedule a demo<\/a><\/div><\/div><\/div><\/div><\/div><\/div><\/section><section class=\"vc_section\"><div class=\"container\"><div class=\"vc_row wpb_row vc_row-fluid\"><div class=\"wpb_column vc_column_container vc_col-sm-12\"><div class=\"vc_column-inner\"><div class=\"wpb_wrapper\"><div class=\"section-title text-center text-lg-start\"><h3><\/h3><p><\/p>\n<h1 style=\"text-align: center;\"><strong>Welcome to limitless possibilities! Our plans offer:<\/strong><\/h1>\n<p><\/p><\/div><\/div><\/div><\/div><\/div><div class=\"vc_row wpb_row vc_row-fluid\"><div class=\"res-margin wpb_column vc_column_container vc_col-sm-6\"><div class=\"vc_column-inner\"><div class=\"wpb_wrapper\">\n\t<div class=\"wpb_text_column wpb_content_element  overview-list\" >\n\t\t<div class=\"wpb_wrapper\">\n\t\t\t<ul>\n<li style=\"font-weight: 400;\" aria-level=\"1\"><span style=\"font-weight: 400;\">Personalized Customer Success for a trusted partnership<\/span><i class=\"fa-li fas fa-check\"><\/i><\/li>\n<\/ul>\n\n\t\t<\/div>\n\t<\/div>\n\n\t<div class=\"wpb_text_column wpb_content_element  overview-list\" >\n\t\t<div class=\"wpb_wrapper\">\n\t\t\t<ul>\n<li style=\"font-weight: 400;\" aria-level=\"1\"><span style=\"font-weight: 400;\">User auditing<\/span><i class=\"fa-li fas fa-check\"><\/i><\/li>\n<\/ul>\n\n\t\t<\/div>\n\t<\/div>\n\n\t<div class=\"wpb_text_column wpb_content_element  overview-list\" >\n\t\t<div class=\"wpb_wrapper\">\n\t\t\t<ul>\n<li style=\"font-weight: 400;\" aria-level=\"1\"><span style=\"font-weight: 400;\">Export reports to Excel <\/span><i class=\"fa-li fas fa-check\"><\/i><\/li>\n<\/ul>\n\n\t\t<\/div>\n\t<\/div>\n\n\t<div class=\"wpb_text_column wpb_content_element  overview-list\" >\n\t\t<div class=\"wpb_wrapper\">\n\t\t\t<ul>\n<li style=\"font-weight: 400;\" aria-level=\"1\"><span style=\"font-weight: 400;\">Automatic infrastructure scalability<\/span><i class=\"fa-li fas fa-check\"><\/i><\/li>\n<\/ul>\n\n\t\t<\/div>\n\t<\/div>\n\n\t<div class=\"wpb_text_column wpb_content_element  overview-list\" >\n\t\t<div class=\"wpb_wrapper\">\n\t\t\t<ul>\n<li style=\"font-weight: 400;\" aria-level=\"1\"><span style=\"font-weight: 400;\">Cloud storage and processing<\/span><i class=\"fa-li fas fa-check\"><\/i><\/li>\n<\/ul>\n\n\t\t<\/div>\n\t<\/div>\n<\/div><\/div><\/div><div class=\"wpb_column vc_column_container vc_col-sm-5\"><div class=\"vc_column-inner\"><div class=\"wpb_wrapper\">\n\t<div class=\"wpb_text_column wpb_content_element  overview-list\" >\n\t\t<div class=\"wpb_wrapper\">\n\t\t\t<ul>\n<li style=\"font-weight: 400;\" aria-level=\"1\"><span style=\"font-weight: 400;\">Expense management<\/span><i class=\"fa-li fas fa-check\"><\/i><\/li>\n<\/ul>\n\n\t\t<\/div>\n\t<\/div>\n\n\t<div class=\"wpb_text_column wpb_content_element  overview-list\" >\n\t\t<div class=\"wpb_wrapper\">\n\t\t\t<ul>\n<li style=\"font-weight: 400;\" aria-level=\"1\"><span style=\"font-weight: 400;\">Profile-based permissions<\/span><i class=\"fa-li fas fa-check\"><\/i><\/li>\n<\/ul>\n\n\t\t<\/div>\n\t<\/div>\n\n\t<div class=\"wpb_text_column wpb_content_element  overview-list\" >\n\t\t<div class=\"wpb_wrapper\">\n\t\t\t<ul>\n<li style=\"font-weight: 400;\" aria-level=\"1\"><span style=\"font-weight: 400;\">High availability and contingency<\/span><i class=\"fa-li fas fa-check\"><\/i><\/li>\n<\/ul>\n\n\t\t<\/div>\n\t<\/div>\n\n\t<div class=\"wpb_text_column wpb_content_element  overview-list\" >\n\t\t<div class=\"wpb_wrapper\">\n\t\t\t<ul>\n<li style=\"font-weight: 400;\" aria-level=\"1\"><span style=\"font-weight: 400;\">Privacy of your data<\/span><i class=\"fa-li fas fa-check\"><\/i><\/li>\n<\/ul>\n\n\t\t<\/div>\n\t<\/div>\n\n\t<div class=\"wpb_text_column wpb_content_element  overview-list\" >\n\t\t<div class=\"wpb_wrapper\">\n\t\t\t<ul>\n<li style=\"font-weight: 400;\" aria-level=\"1\"><span style=\"font-weight: 400;\">Basic Workflow<\/span><i class=\"fa-li fas fa-check\"><\/i><\/li>\n<\/ul>\n\n\t\t<\/div>\n\t<\/div>\n<\/div><\/div><\/div><\/div><div class=\"vc_row wpb_row vc_row-fluid\"><div class=\"wpb_column vc_column_container vc_col-sm-12\"><div class=\"vc_column-inner\"><div class=\"wpb_wrapper\"><div class=\"vc_empty_space\"   style=\"height: 32px\"><span class=\"vc_empty_space_inner\"><\/span><\/div><div class=\"vc_btn3-container vc_btn3-center\" ><a class=\"vc_general vc_btn3 vc_btn3-size-lg vc_btn3-shape-rounded vc_btn3-style-outline vc_btn3-color-primary\" href=\"https:\/\/calendar.google.com\/calendar\/u\/0\/appointments\/schedules\/AcZssZ26n8NpPkpx8DmsGUb6CoY3M1o0N-8cPh2CLGYI3IFzc3GoNTWie0fAocI7ZyuI2Mi2oDl7kNpV\" title=\"Schedule free demo\" target=\"_blank\">Schedule a demo<\/a><\/div><\/div><\/div><\/div><\/div><div class=\"vc_row wpb_row vc_row-fluid\"><div class=\"wpb_column vc_column_container vc_col-sm-12\"><div class=\"vc_column-inner\"><div class=\"wpb_wrapper\"><\/div><\/div><\/div><\/div><\/div><\/section><section id=\"parallax-video\" class=\"vc_section vc_custom_1680185205920 parallax\"><div class=\"overlay\"><\/div><div class=\"container\"><div class=\"vc_row wpb_row vc_row-fluid\"><div class=\"wpb_column vc_column_container vc_col-sm-12\"><div class=\"vc_column-inner\"><div class=\"wpb_wrapper\">\n\t<div class=\"wpb_video_widget wpb_content_element vc_clearfix  wpb_animate_when_almost_visible wpb_fadeInUp fadeInUp  vc_video-aspect-ratio-169 vc_video-el-width-80 vc_video-align-center\" >\n\t\t<div class=\"wpb_wrapper\">\n\t\t\t\n\t\t\t<div class=\"wpb_video_wrapper\"><div class=\"embed-container\"><iframe loading=\"lazy\" title=\"Caso de \u00e9xito - Produza S.A. #VersatERP\" width=\"500\" height=\"281\" src=\"https:\/\/www.youtube.com\/embed\/s_MmJTlNZAI?feature=oembed\" frameborder=\"0\" allow=\"accelerometer; autoplay; clipboard-write; encrypted-media; gyroscope; picture-in-picture; web-share\" allowfullscreen><\/iframe><\/div><\/div>\n\t\t<\/div>\n\t<\/div>\n<\/div><\/div><\/div><\/div><div class=\"vc_row wpb_row vc_row-fluid\"><div class=\"wpb_column vc_column_container vc_col-sm-12\"><div class=\"vc_column-inner\"><div class=\"wpb_wrapper\"><div class=\"vc_empty_space\"   style=\"height: 62px\"><span class=\"vc_empty_space_inner\"><\/span><\/div><div class=\"vc_btn3-container vc_btn3-center\" ><a class=\"vc_general vc_btn3 vc_btn3-size-lg vc_btn3-shape-rounded vc_btn3-style-outline vc_btn3-color-white\" href=\"https:\/\/calendar.google.com\/calendar\/u\/0\/appointments\/schedules\/AcZssZ26n8NpPkpx8DmsGUb6CoY3M1o0N-8cPh2CLGYI3IFzc3GoNTWie0fAocI7ZyuI2Mi2oDl7kNpV\" title=\"Schedule free demo\" target=\"_blank\">Schedule a demo<\/a><\/div><\/div><\/div><\/div><\/div><\/div><\/section><section id=\"contact\" class=\"vc_section\"><div class=\"container\"><div class=\"vc_row wpb_row vc_row-fluid\"><div class=\"wpb_column vc_column_container vc_col-sm-12\"><div class=\"vc_column-inner\"><div class=\"wpb_wrapper\"><div class=\"vc_empty_space\"   style=\"height: 72px\"><span class=\"vc_empty_space_inner\"><\/span><\/div><div class=\"row\">\r\n\t\t\t\t\t\t<div class=\"col-12\">\r\n\t\t\t\t\t\t\t<div \r\n\t\t\t\t\t\t\t\tclass=\"owl-carousel owl-theme screenshot-slider zoom-screenshot\"\r\n\t\t\t\t\t\t\t\tdata-count-desktop=\"4\"\r\n\t\t\t\t\t\t\t\tdata-count-tablet=\"2\"\r\n\t\t\t\t\t\t\t\tdata-count-mobile=\"1\"\r\n\t\t\t\t\t\t\t><div class=\"item\">\r\n\t\t\t\t\t\t\t\t<a href=\"https:\/\/versat.ag\/wp-content\/uploads\/2023\/07\/ERP-for-agribussiness-Versat-ERP-1.png\"><img decoding=\"async\" src=\"https:\/\/versat.ag\/wp-content\/uploads\/2023\/07\/ERP-for-agribussiness-Versat-ERP-1.png\" alt=\"screenshot\" \/><\/a>\r\n\t\t\t\t\t\t\t<\/div><div class=\"item\">\r\n\t\t\t\t\t\t\t\t<a href=\"https:\/\/versat.ag\/wp-content\/uploads\/2023\/07\/ERP-for-agribussiness-Versat-ERP-2.png\"><img decoding=\"async\" src=\"https:\/\/versat.ag\/wp-content\/uploads\/2023\/07\/ERP-for-agribussiness-Versat-ERP-2.png\" alt=\"screenshot\" \/><\/a>\r\n\t\t\t\t\t\t\t<\/div><div class=\"item\">\r\n\t\t\t\t\t\t\t\t<a href=\"https:\/\/versat.ag\/wp-content\/uploads\/2023\/07\/ERP-for-agribussiness-Versat-ERP-3.png\"><img decoding=\"async\" src=\"https:\/\/versat.ag\/wp-content\/uploads\/2023\/07\/ERP-for-agribussiness-Versat-ERP-3.png\" alt=\"screenshot\" \/><\/a>\r\n\t\t\t\t\t\t\t<\/div><div class=\"item\">\r\n\t\t\t\t\t\t\t\t<a href=\"https:\/\/versat.ag\/wp-content\/uploads\/2023\/07\/ERP-for-agribussiness-Versat-ERP-4.png\"><img decoding=\"async\" src=\"https:\/\/versat.ag\/wp-content\/uploads\/2023\/07\/ERP-for-agribussiness-Versat-ERP-4.png\" alt=\"screenshot\" \/><\/a>\r\n\t\t\t\t\t\t\t<\/div><div class=\"item\">\r\n\t\t\t\t\t\t\t\t<a href=\"https:\/\/versat.ag\/wp-content\/uploads\/2023\/07\/ERP-for-agribussiness-Versat-ERP-5.png\"><img decoding=\"async\" src=\"https:\/\/versat.ag\/wp-content\/uploads\/2023\/07\/ERP-for-agribussiness-Versat-ERP-5.png\" alt=\"screenshot\" \/><\/a>\r\n\t\t\t\t\t\t\t<\/div><div class=\"item\">\r\n\t\t\t\t\t\t\t\t<a href=\"https:\/\/versat.ag\/wp-content\/uploads\/2023\/07\/ERP-for-agribussiness-Versat-ERP-6.png\"><img decoding=\"async\" src=\"https:\/\/versat.ag\/wp-content\/uploads\/2023\/07\/ERP-for-agribussiness-Versat-ERP-6.png\" alt=\"screenshot\" \/><\/a>\r\n\t\t\t\t\t\t\t<\/div><div class=\"item\">\r\n\t\t\t\t\t\t\t\t<a href=\"https:\/\/versat.ag\/wp-content\/uploads\/2023\/07\/ERP-for-agribussiness-Versat-ERP-7.png\"><img decoding=\"async\" src=\"https:\/\/versat.ag\/wp-content\/uploads\/2023\/07\/ERP-for-agribussiness-Versat-ERP-7.png\" alt=\"screenshot\" \/><\/a>\r\n\t\t\t\t\t\t\t<\/div><div class=\"item\">\r\n\t\t\t\t\t\t\t\t<a href=\"https:\/\/versat.ag\/wp-content\/uploads\/2023\/07\/ERP-for-agribussiness-Versat-ERP-8.png\"><img decoding=\"async\" src=\"https:\/\/versat.ag\/wp-content\/uploads\/2023\/07\/ERP-for-agribussiness-Versat-ERP-8.png\" alt=\"screenshot\" \/><\/a>\r\n\t\t\t\t\t\t\t<\/div>\t\t<\/div>\r\n\t\t\t\t\t\t<\/div>\r\n\t\t\t\t\t<\/div><div class=\"vc_empty_space\"   style=\"height: 32px\"><span class=\"vc_empty_space_inner\"><\/span><\/div><div class=\"button-store wow fadeInUp\" data-wow-offset=\"10\" data-wow-duration=\"1s\" data-wow-delay=\"0.6s\"><div class=\"vc_row wpb_row vc_inner vc_row-fluid\"><div class=\"wpb_column vc_column_container vc_col-sm-6\"><div class=\"vc_column-inner\"><div class=\"wpb_wrapper\"><div class=\"vc_btn3-container vc_btn3-center\" ><a class=\"vc_general vc_btn3 vc_btn3-size-md vc_btn3-shape-rounded vc_btn3-style-flat vc_btn3-color-green\" href=\"https:\/\/calendar.google.com\/calendar\/u\/0\/appointments\/schedules\/AcZssZ26n8NpPkpx8DmsGUb6CoY3M1o0N-8cPh2CLGYI3IFzc3GoNTWie0fAocI7ZyuI2Mi2oDl7kNpV\" title=\"\">Schedule a demo<\/a><\/div><\/div><\/div><\/div><div class=\"wpb_column vc_column_container vc_col-sm-6\"><div class=\"vc_column-inner\"><div class=\"wpb_wrapper\"><div class=\"vc_btn3-container vc_btn3-center\" ><a class=\"vc_general vc_btn3 vc_btn3-size-md vc_btn3-shape-rounded vc_btn3-style-flat vc_btn3-color-green\" href=\"https:\/\/versat.ag\/en\/precios-erp-agro\/\" title=\"\">See prices<\/a><\/div><\/div><\/div><\/div><\/div><\/div><\/div><\/div><\/div><\/div><\/div><\/section><div class=\"vc_row wpb_row vc_row-fluid\"><div class=\"wpb_column vc_column_container vc_col-sm-3\"><div class=\"vc_column-inner\"><div class=\"wpb_wrapper\"><div class=\"button-store wow fadeInUp\" data-wow-offset=\"10\" data-wow-duration=\"1s\" data-wow-delay=\"0.6s\"><div class=\"vc_icon_element vc_icon_element-outer vc_icon_element-align-center\"><div class=\"vc_icon_element-inner vc_icon_element-color-black vc_icon_element-size-md vc_icon_element-style- vc_icon_element-background-color-grey\" ><span class=\"vc_icon_element-icon fab fa-facebook-f\" ><\/span><a class=\"vc_icon_element-link\" href=\"https:\/\/www.facebook.com\/versat.ag\"  title=\"\" target=\"_blank\"><\/a><\/div><\/div><\/div><\/div><\/div><\/div><div class=\"wpb_column vc_column_container vc_col-sm-3\"><div class=\"vc_column-inner\"><div class=\"wpb_wrapper\"><div class=\"button-store wow fadeInUp\" data-wow-offset=\"10\" data-wow-duration=\"1s\" data-wow-delay=\"0.6s\"><div class=\"vc_icon_element vc_icon_element-outer vc_icon_element-align-center\"><div class=\"vc_icon_element-inner vc_icon_element-color-black vc_icon_element-size-md vc_icon_element-style- vc_icon_element-background-color-grey\" ><span class=\"vc_icon_element-icon fab fa-instagram\" ><\/span><a class=\"vc_icon_element-link\" href=\"https:\/\/www.instagram.com\/versatplatform\/\"  title=\"\" target=\"_blank\"><\/a><\/div><\/div><\/div><\/div><\/div><\/div><div class=\"wpb_column vc_column_container vc_col-sm-3\"><div class=\"vc_column-inner\"><div class=\"wpb_wrapper\"><div class=\"button-store wow fadeInUp\" data-wow-offset=\"10\" data-wow-duration=\"1s\" data-wow-delay=\"0.6s\"><div class=\"vc_icon_element vc_icon_element-outer vc_icon_element-align-center\"><div class=\"vc_icon_element-inner vc_icon_element-color-black vc_icon_element-size-md vc_icon_element-style- vc_icon_element-background-color-grey\" ><span class=\"vc_icon_element-icon fab fa-linkedin-in\" ><\/span><a class=\"vc_icon_element-link\" href=\"https:\/\/www.linkedin.com\/company\/versat-saas\/\"  title=\"\" target=\"_blank\"><\/a><\/div><\/div><\/div><\/div><\/div><\/div><div class=\"wpb_column vc_column_container vc_col-sm-3\"><div class=\"vc_column-inner\"><div class=\"wpb_wrapper\"><div class=\"button-store wow fadeInUp\" data-wow-offset=\"10\" data-wow-duration=\"1s\" data-wow-delay=\"0.6s\"><div class=\"vc_icon_element vc_icon_element-outer vc_icon_element-align-center\"><div class=\"vc_icon_element-inner vc_icon_element-color-black vc_icon_element-size-md vc_icon_element-style- vc_icon_element-background-color-grey\" ><span class=\"vc_icon_element-icon fab fa-youtube\" ><\/span><a class=\"vc_icon_element-link\" href=\"https:\/\/www.youtube.com\/@versatplatform\/videos\"  title=\"\" target=\"_blank\"><\/a><\/div><\/div><\/div><\/div><\/div><\/div><\/div>\n<\/div>","protected":false},"excerpt":{"rendered":"Versat ERP agro: el sistema con el mejor costo beneficio para el ParaguayCont\u00e1 con un sistema simple, confiable, seguro, 100% en nube y totalmente hecho para el agro.Agendar demostraci\u00f3nConocer precios Versat ERP atiende a las necesidades de toda la cadena del agro Comercio de Insumos Conocer m\u00e1s Comercio de Insumos+Granos Conocer m\u00e1s Comercio de Granos [...]","protected":false},"author":2,"featured_media":0,"parent":0,"menu_order":0,"comment_status":"closed","ping_status":"closed","template":"templates\/front.php","meta":{"footnotes":""},"class_list":["post-3550","page","type-page","status-publish","hentry"],"aioseo_notices":[],"_links":{"self":[{"href":"https:\/\/versat.ag\/en\/wp-json\/wp\/v2\/pages\/3550","targetHints":{"allow":["GET"]}}],"collection":[{"href":"https:\/\/versat.ag\/en\/wp-json\/wp\/v2\/pages"}],"about":[{"href":"https:\/\/versat.ag\/en\/wp-json\/wp\/v2\/types\/page"}],"author":[{"embeddable":true,"href":"https:\/\/versat.ag\/en\/wp-json\/wp\/v2\/users\/2"}],"replies":[{"embeddable":true,"href":"https:\/\/versat.ag\/en\/wp-json\/wp\/v2\/comments?post=3550"}],"version-history":[{"count":14,"href":"https:\/\/versat.ag\/en\/wp-json\/wp\/v2\/pages\/3550\/revisions"}],"predecessor-version":[{"id":5549,"href":"https:\/\/versat.ag\/en\/wp-json\/wp\/v2\/pages\/3550\/revisions\/5549"}],"wp:attachment":[{"href":"https:\/\/versat.ag\/en\/wp-json\/wp\/v2\/media?parent=3550"}],"curies":[{"name":"wp","href":"https:\/\/api.w.org\/{rel}","templated":true}]}}