{"id":4276,"date":"2023-03-22T21:27:38","date_gmt":"2023-03-22T21:27:38","guid":{"rendered":"https:\/\/versat.ag\/?page_id=4276"},"modified":"2026-03-26T19:49:07","modified_gmt":"2026-03-26T19:49:07","slug":"precios-crm-agro","status":"publish","type":"page","link":"https:\/\/versat.ag\/en\/precios-crm-agro\/","title":{"rendered":"Precios CRM"},"content":{"rendered":"<div class=\"wpb-content-wrapper\"><section id=\"banner\" class=\"vc_section wpb_animate_when_almost_visible wpb_fadeInUp fadeInUp parallax\"><div class=\"overlay\"><\/div><div class=\"container\"><div class=\"vc_row wpb_row vc_row-fluid\"><div class=\"wpb_column vc_column_container vc_col-sm-12\"><div class=\"vc_column-inner\"><div class=\"wpb_wrapper\"><div ><div class=\"vc_row wpb_row vc_inner vc_row-fluid align-items-center vc_row-o-content-middle vc_row-flex\"><div class=\"wpb_column vc_column_container vc_col-sm-6 vc_col-lg-offset-3 vc_col-lg-6\"><div class=\"vc_column-inner\"><div class=\"wpb_wrapper\"><div class=\"banner-text text-center\">\r\n\t\t\t\t\t<h1 class=\"wow fadeInUp\" data-wow-offset=\"10\" data-wow-duration=\"1s\" data-wow-delay=\"0s\">Versat CRM Subscription Plans<\/h1><p class=\"wow fadeInUp\" data-wow-offset=\"10\" data-wow-duration=\"1s\" data-wow-delay=\"0.3s\"><\/p>\n<h2 style=\"font-weight: 400; font-size: 18px; line-height: 1.5; color: #fff; text-align: center;\">Say goodbye to spreadsheets and manage your agricultural commercial operation easily and efficiently!<\/h2>\n<p><\/p><\/div>\n\t<div  class=\"wpb_single_image wpb_content_element vc_align_center\">\n\t\t\n\t\t<figure class=\"wpb_wrapper vc_figure\">\n\t\t\t<div class=\"vc_single_image-wrapper   vc_box_border_grey\"><img loading=\"lazy\" decoding=\"async\" width=\"300\" height=\"274\" src=\"https:\/\/versat.ag\/wp-content\/uploads\/2023\/10\/Versat-CRM-Agro-con-app-mobile-y-plataforma-web-300x274.png\" class=\"vc_single_image-img attachment-medium\" alt=\"Inteligencia Artificial\" title=\"Versat CRM Agro con app mobile y plataforma web\" srcset=\"https:\/\/versat.ag\/wp-content\/uploads\/2023\/10\/Versat-CRM-Agro-con-app-mobile-y-plataforma-web-300x274.png 300w, https:\/\/versat.ag\/wp-content\/uploads\/2023\/10\/Versat-CRM-Agro-con-app-mobile-y-plataforma-web-768x701.png 768w, https:\/\/versat.ag\/wp-content\/uploads\/2023\/10\/Versat-CRM-Agro-con-app-mobile-y-plataforma-web-13x12.png 13w, https:\/\/versat.ag\/wp-content\/uploads\/2023\/10\/Versat-CRM-Agro-con-app-mobile-y-plataforma-web.png 847w\" sizes=\"auto, (max-width: 300px) 100vw, 300px\" \/><\/div>\n\t\t<\/figure>\n\t<\/div>\n<\/div><\/div><\/div><\/div><\/div><\/div><\/div><\/div><\/div><\/div><\/section><section id=\"pricing\" class=\"vc_section bg-grey\"><div class=\"container\"><div class=\"vc_row wpb_row vc_row-fluid\"><div class=\"wpb_column vc_column_container vc_col-sm-12\"><div class=\"vc_column-inner\"><div class=\"wpb_wrapper\"><div class=\"row justify-content-center\"><div class=\"col-12 col-md-10 col-lg-6\"><div class=\"section-title text-center\"><h3>Transparent prices, no surprises.<\/h3><p>If you are not 100% satisfied with your purchase, within 30 days from the purchase date, we will fully refund.<\/p><\/div><\/div><\/div><\/div><\/div><\/div><\/div><div class=\"vc_row wpb_row vc_row-fluid\"><div class=\"wpb_column vc_column_container vc_col-sm-3\"><div class=\"vc_column-inner\"><div class=\"wpb_wrapper\"><div class=\"overview-item\" ><div class=\"overview-box d-flex flex-wrap\">\r\n\t\t\t\t\t<div class=\"icon icon-basic-home\">\r\n\t\t\t\t\t\t\r\n\t\t\t\t\t<\/div>\r\n\t\t\t\t\t<div class=\"content\">\r\n\t\t\t\t\t\t<h6 class=\"font-weight-bold mb-2 mt-0\">Agri Esential<\/h6>\r\n\t\t\t\t\t\t<p>Up to 10 users<\/p>\n<p><strong>U$50\/month<\/strong><\/p>\n<p>+ U$10\/user\/month<\/p>\n<p>- 20% annual payment<\/p>\r\n\t\t\t\t\t<\/div>\r\n\t\t\t\t<\/div><\/div>\n\t<div class=\"wpb_text_column wpb_content_element\" >\n\t\t<div class=\"wpb_wrapper\">\n\t\t\t<ul>\n<li>Complete Customer Database<\/li>\n<li>Export reports to Excel<\/li>\n<li>Field notes with photos<\/li>\n<li>Georeferencing of customers<\/li>\n<li>Calendar \/ Scheduler<\/li>\n<li>Customer Segmentation by Profil<\/li>\n<li>Print orders in the field<\/li>\n<li>Cloud storage and processing<\/li>\n<li>Automatic infrastructure scalability<\/li>\n<li>High availability and contingency<\/li>\n<li>Data privacy<\/li>\n<\/ul>\n\n\t\t<\/div>\n\t<\/div>\n<div class=\"vc_empty_space\"   style=\"height: 42px\"><span class=\"vc_empty_space_inner\"><\/span><\/div><div class=\"button-store wow fadeInUp\" data-wow-offset=\"10\" data-wow-duration=\"1s\" data-wow-delay=\"0.6s\"><div class=\"vc_btn3-container vc_btn3-inline\" ><a class=\"vc_general vc_btn3 vc_btn3-size-lg vc_btn3-shape-rounded vc_btn3-style-flat vc_btn3-color-green\" href=\"https:\/\/wa.me\/595212386870?text=Hello.IaminterestedinsubscribingtotheAgriEliteplanfromVersatCRM.\" title=\"\" target=\"_blank\">Select plan<\/a><\/div><\/div><\/div><\/div><\/div><div class=\"wpb_column vc_column_container vc_col-sm-3\"><div class=\"vc_column-inner\"><div class=\"wpb_wrapper\"><div class=\"overview-item\" ><div class=\"overview-box d-flex flex-wrap\">\r\n\t\t\t\t\t<div class=\"icon icon-basic-heart\">\r\n\t\t\t\t\t\t\r\n\t\t\t\t\t<\/div>\r\n\t\t\t\t\t<div class=\"content\">\r\n\t\t\t\t\t\t<h6 class=\"font-weight-bold mb-2 mt-0\">Agri 360<\/h6>\r\n\t\t\t\t\t\t<p>Up to 30 users<\/p>\n<p><strong>U$100\/month<\/strong><\/p>\n<p>+ U$18\/user\/month<\/p>\n<p>- 20% annual payment<\/p>\r\n\t\t\t\t\t<\/div>\r\n\t\t\t\t<\/div><\/div>\n\t<div class=\"wpb_text_column wpb_content_element\" >\n\t\t<div class=\"wpb_wrapper\">\n\t\t\t<p><strong>Everything from the Agri Essential plan plus...<\/strong><\/p>\n<ul>\n<li>Sales Orders in the Field<\/li>\n<li>Approval of prices below the minimum.<\/li>\n<li>Sales funnel<\/li>\n<li>Price lists<\/li>\n<li>Analysis of Activity Volume <em>VS<\/em> slaes volume<\/li>\n<li>Detailed analysis of sales orders<\/li>\n<li>Vendor-specific privacy<\/li>\n<li>Profile-based permissions<\/li>\n<li>User audit<\/li>\n<li>TESAO Methodology Partially Applied<\/li>\n<li>Customer Success<\/li>\n<\/ul>\n\n\t\t<\/div>\n\t<\/div>\n<div class=\"vc_empty_space\"   style=\"height: 42px\"><span class=\"vc_empty_space_inner\"><\/span><\/div><div class=\"button-store wow fadeInUp\" data-wow-offset=\"10\" data-wow-duration=\"1s\" data-wow-delay=\"0.6s\"><div class=\"vc_btn3-container vc_btn3-inline\" ><a class=\"vc_general vc_btn3 vc_btn3-size-lg vc_btn3-shape-rounded vc_btn3-style-flat vc_btn3-color-green\" href=\"https:\/\/wa.me\/595212386870?text=Hello.IaminterestedinsubscribingtotheAgriEliteplanfromVersatCRM.\" title=\"\" target=\"_blank\">Select plan<\/a><\/div><\/div><\/div><\/div><\/div><div class=\"wpb_column vc_column_container vc_col-sm-3\"><div class=\"vc_column-inner\"><div class=\"wpb_wrapper\"><div class=\"overview-item\" ><div class=\"overview-box d-flex flex-wrap\">\r\n\t\t\t\t\t<div class=\"icon icon-basic-cup\">\r\n\t\t\t\t\t\t\r\n\t\t\t\t\t<\/div>\r\n\t\t\t\t\t<div class=\"content\">\r\n\t\t\t\t\t\t<h6 class=\"font-weight-bold mb-2 mt-0\">Agri Elite<\/h6>\r\n\t\t\t\t\t\t<p>Up to 50 users<\/p>\n<p><strong>U$250\/month<\/strong><\/p>\n<p>+ U$26\/user\/month<\/p>\n<p>- 20% annual payment<\/p>\r\n\t\t\t\t\t<\/div>\r\n\t\t\t\t<\/div><\/div>\n\t<div class=\"wpb_text_column wpb_content_element\" >\n\t\t<div class=\"wpb_wrapper\">\n\t\t\t<p><strong>Everything from the Agri 360 plan plus...<\/strong><\/p>\n<ul>\n<li>Business Plan<\/li>\n<li>Price approval workflow<\/li>\n<li>Purchase planning<\/li>\n<li>Customer Segmentation by Billing<\/li>\n<li>Points and cashback campaigns<\/li>\n<li>Market Share analysis<\/li>\n<li>Identification of customer potential<\/li>\n<li>Customer-Based Targets<\/li>\n<li>TESAO Methodology Fully Applied<\/li>\n<li>API integration with third parties<\/li>\n<li>Custom reports<\/li>\n<li>Advanced user restrictions<\/li>\n<\/ul>\n\n\t\t<\/div>\n\t<\/div>\n<div class=\"vc_empty_space\"   style=\"height: 42px\"><span class=\"vc_empty_space_inner\"><\/span><\/div><div class=\"button-store wow fadeInUp\" data-wow-offset=\"10\" data-wow-duration=\"1s\" data-wow-delay=\"0.6s\"><div class=\"vc_btn3-container vc_btn3-inline\" ><a class=\"vc_general vc_btn3 vc_btn3-size-lg vc_btn3-shape-rounded vc_btn3-style-flat vc_btn3-color-green\" href=\"https:\/\/wa.me\/595212386870?text=Hello.IaminterestedinsubscribingtotheAgriEliteplanfromVersatCRM.\" title=\"\" target=\"_blank\">Select plan<\/a><\/div><\/div><\/div><\/div><\/div><div class=\"wpb_column vc_column_container vc_col-sm-3\"><div class=\"vc_column-inner\"><div class=\"wpb_wrapper\"><div class=\"overview-item\" ><div class=\"overview-box d-flex flex-wrap\">\r\n\t\t\t\t\t<div class=\"icon icon-ecommerce-diamond\">\r\n\t\t\t\t\t\t\r\n\t\t\t\t\t<\/div>\r\n\t\t\t\t\t<div class=\"content\">\r\n\t\t\t\t\t\t<h6 class=\"font-weight-bold mb-2 mt-0\">Agri Corporate<\/h6>\r\n\t\t\t\t\t\t<p><strong>Unlimited users<\/strong><\/p>\n<p>Custom Pricing<\/p>\n<p>- 20% annual payment<\/p>\r\n\t\t\t\t\t<\/div>\r\n\t\t\t\t<\/div><\/div>\n\t<div class=\"wpb_text_column wpb_content_element\" >\n\t\t<div class=\"wpb_wrapper\">\n\t\t\t<p><strong>Everything from the Agri Elite plan plus...<\/strong><\/p>\n<ul>\n<li>Exclusive payment conditions<\/li>\n<li>Custom number of users<\/li>\n<\/ul>\n\n\t\t<\/div>\n\t<\/div>\n<div class=\"vc_empty_space\"   style=\"height: 42px\"><span class=\"vc_empty_space_inner\"><\/span><\/div><div class=\"button-store wow fadeInUp\" data-wow-offset=\"10\" data-wow-duration=\"1s\" data-wow-delay=\"0.6s\"><div class=\"vc_btn3-container vc_btn3-inline\" ><a class=\"vc_general vc_btn3 vc_btn3-size-lg vc_btn3-shape-rounded vc_btn3-style-flat vc_btn3-color-success\" href=\"https:\/\/wa.me\/595212386870?text=Hello,IwouldliketorequestaquoteforaCorporateCRMplan\" title=\"\" target=\"_blank\">Request quote<\/a><\/div><\/div><\/div><\/div><\/div><\/div><div class=\"vc_row wpb_row vc_row-fluid\"><div class=\"wpb_column vc_column_container vc_col-sm-12\"><div class=\"vc_column-inner\"><div class=\"wpb_wrapper\"><div class=\"vc_empty_space\"   style=\"height: 32px\"><span class=\"vc_empty_space_inner\"><\/span><\/div><section class=\"vc_cta3-container\"><div class=\"vc_general vc_cta3 bot\u00f3n-center vc_cta3-style-flat vc_cta3-shape-square vc_cta3-align-center vc_cta3-color-black vc_cta3-icon-size-md vc_cta3-actions-bottom\"><div class=\"vc_cta3_content-container\"><div class=\"vc_cta3-content\"><header class=\"vc_cta3-content-header\"><h2>Count on our experts to choose the best plan.<\/h2><h4>Talk to our team of consultants and evaluate the plans based on a diagnosis of your agribusiness.<\/h4><\/header><\/div><div class=\"vc_cta3-actions\"><div class=\"vc_btn3-container vc_btn3-center\" ><a class=\"vc_general vc_btn3 vc_btn3-size-lg vc_btn3-shape-rounded vc_btn3-style-outline vc_btn3-color-white\" href=\"https:\/\/wa.me\/595212386870?text=Hello.Iwouldliketospeakwiththesalesteam\" title=\"\" target=\"_blank\">Speak to consultants<\/a><\/div><\/div><\/div><\/div><\/section><\/div><\/div><\/div><\/div><\/div><\/section><section id=\"testimonials\" class=\"vc_section\"><div class=\"container\"><div class=\"vc_row wpb_row vc_row-fluid\"><div class=\"wpb_column vc_column_container vc_col-sm-12\"><div class=\"vc_column-inner\"><div class=\"wpb_wrapper\"><div class=\"row justify-content-center\"><div class=\"col-12 col-md-10 col-lg-6\"><div class=\"section-title text-center\"><h3>Satisfied customers<\/h3><p><span style=\"font-weight: 400;\">Our success depends on the success of our clients.<\/span><\/p><\/div><\/div><\/div><\/div><\/div><\/div><\/div><div class=\"vc_row wpb_row vc_row-fluid\"><div class=\"wpb_column vc_column_container vc_col-sm-12\"><div class=\"vc_column-inner\"><div class=\"wpb_wrapper\"><div class=\"row\" >\r\n\t\t\t\t\t<div class=\"col-12 testimonial-carousel\"><div class=\"block-text row\">\r\n\t\t\t\t\t\t\t<div class=\"carousel-text testimonial-slider col-12 col-lg-8 offset-lg-2\"><\/div>\r\n\t\t\t\t\t   <\/div><div class=\"block-media row\">\r\n\t\t\t\t\t\t\t<div class=\"carousel-images testimonial-nav col-12 col-lg-8 offset-lg-2\"><\/div>\r\n\t\t\t\t\t\t<\/div><div class=\"single-block-text\">\r\n\t\t\t\t\t<div class=\"single-box\"><p><i class=\"fas fa-quote-left\"><\/i> A lot of people have been asking me about Versat ERP, and I always tell them: you can hire it because it's a good service, a complete management system for agribusiness. It's simple and easy to use. <i class=\"fas fa-quote-right\"><\/i><\/p><\/div>\r\n\t\t\t\t <\/div><div class=\"single-block-media\">\r\n\t\t\t\t\t<p><img decoding=\"async\" src=\"https:\/\/versat.ag\/wp-content\/uploads\/2023\/02\/kacianekuschel-cliente-versat-erp-crm-agroindustria-nuevo-horizonte.jpg\" alt=\"Kaciane Kuschel\" class=\"img-fluid rounded-circle\"><\/p>\r\n\t\t\t\t\t<div class=\"client-info\">\r\n\t\t\t\t\t\t<h3>Kaciane Kuschel<\/h3><span>Agroindustrial Nuevo Horizonte<\/span>\r\n\t\t\t\t\t<\/div>\r\n\t\t\t\t  <\/div><div class=\"single-block-text\">\r\n\t\t\t\t\t<div class=\"single-box\"><p><i class=\"fas fa-quote-left\"><\/i> I am very satisfied with Versat. Whenever I have any needs, the team always assists me quickly and efficiently. That's why I have been working with Versat for many years. <i class=\"fas fa-quote-right\"><\/i><\/p><\/div>\r\n\t\t\t\t <\/div><div class=\"single-block-media\">\r\n\t\t\t\t\t<p><img decoding=\"async\" src=\"https:\/\/versat.ag\/wp-content\/uploads\/2023\/02\/Cliente-Flavio-Tesaro-Versat-erp-crm-Produza-s.a..png\" alt=\"Flavio Tescaro\" class=\"img-fluid rounded-circle\"><\/p>\r\n\t\t\t\t\t<div class=\"client-info\">\r\n\t\t\t\t\t\t<h3>Flavio Tescaro<\/h3><span>Produza S.A.<\/span>\r\n\t\t\t\t\t<\/div>\r\n\t\t\t\t  <\/div><div class=\"single-block-text\">\r\n\t\t\t\t\t<div class=\"single-box\"><p><i class=\"fas fa-quote-left\"><\/i> We successfully carried out several projects with Versat. We also developed our accounting operations, which was a major transformation for us. I congratulate Versat for their efficient work, professionalism, and the support they consistently provide. <i class=\"fas fa-quote-right\"><\/i><\/p><\/div>\r\n\t\t\t\t <\/div><div class=\"single-block-media\">\r\n\t\t\t\t\t<p><img decoding=\"async\" src=\"https:\/\/versat.ag\/wp-content\/uploads\/2023\/02\/Roanny-Karoline-spraytec-cliente-versat-erp-crm.jpg\" alt=\"Roanny Vieira\" class=\"img-fluid rounded-circle\"><\/p>\r\n\t\t\t\t\t<div class=\"client-info\">\r\n\t\t\t\t\t\t<h3>Roanny Vieira<\/h3><span>Spraytec<\/span>\r\n\t\t\t\t\t<\/div>\r\n\t\t\t\t  <\/div><div class=\"single-block-text\">\r\n\t\t\t\t\t<div class=\"single-box\"><p><i class=\"fas fa-quote-left\"><\/i> An agile, effective, and adaptable system to the reality of any agribusiness company. <i class=\"fas fa-quote-right\"><\/i><\/p><\/div>\r\n\t\t\t\t <\/div><div class=\"single-block-media\">\r\n\t\t\t\t\t<p><img decoding=\"async\" src=\"https:\/\/versat.ag\/wp-content\/uploads\/2023\/02\/Edgard-velastiqui-versat-cliente-agro.jpg\" alt=\"Edgard Velastiqui\" class=\"img-fluid rounded-circle\"><\/p>\r\n\t\t\t\t\t<div class=\"client-info\">\r\n\t\t\t\t\t\t<h3>Edgard Velastiqui<\/h3><span>Dekalpar<\/span>\r\n\t\t\t\t\t<\/div>\r\n\t\t\t\t  <\/div><div class=\"single-block-text\">\r\n\t\t\t\t\t<div class=\"single-box\"><p><i class=\"fas fa-quote-left\"><\/i> Versat is the ERP system that best meets the needs of our agribusiness in Paraguay. <i class=\"fas fa-quote-right\"><\/i><\/p><\/div>\r\n\t\t\t\t <\/div><div class=\"single-block-media\">\r\n\t\t\t\t\t<p><img decoding=\"async\" src=\"https:\/\/versat.ag\/wp-content\/uploads\/2023\/02\/vinicius-adama-versat-erp-crm.jpeg\" alt=\"Vinicius Martins\" class=\"img-fluid rounded-circle\"><\/p>\r\n\t\t\t\t\t<div class=\"client-info\">\r\n\t\t\t\t\t\t<h3>Vinicius Martins<\/h3><span>Adama<\/span>\r\n\t\t\t\t\t<\/div>\r\n\t\t\t\t  <\/div><div class=\"single-block-text\">\r\n\t\t\t\t\t<div class=\"single-box\"><p><i class=\"fas fa-quote-left\"><\/i> Versat operates with agility, innovation, and a lot of kindness. <i class=\"fas fa-quote-right\"><\/i><\/p><\/div>\r\n\t\t\t\t <\/div><div class=\"single-block-media\">\r\n\t\t\t\t\t<p><img decoding=\"async\" src=\"https:\/\/versat.ag\/wp-content\/uploads\/2023\/02\/gabrielle-ciabay-versat-erp-crm.jpeg\" alt=\"Gabriele Diaz\" class=\"img-fluid rounded-circle\"><\/p>\r\n\t\t\t\t\t<div class=\"client-info\">\r\n\t\t\t\t\t\t<h3>Gabriele Diaz<\/h3><span>CIABAY<\/span>\r\n\t\t\t\t\t<\/div>\r\n\t\t\t\t  <\/div><div class=\"single-block-text\">\r\n\t\t\t\t\t<div class=\"single-box\"><p><i class=\"fas fa-quote-left\"><\/i> The system is intelligent, and since it is cloud-based, everything is faster. <i class=\"fas fa-quote-right\"><\/i><\/p><\/div>\r\n\t\t\t\t <\/div><div class=\"single-block-media\">\r\n\t\t\t\t\t<p><img decoding=\"async\" src=\"https:\/\/versat.ag\/wp-content\/uploads\/2023\/02\/Bruno-Fortgreen-versat-erp-crm.jpeg\" alt=\"Bruno Pereira\" class=\"img-fluid rounded-circle\"><\/p>\r\n\t\t\t\t\t<div class=\"client-info\">\r\n\t\t\t\t\t\t<h3>Bruno Pereira<\/h3><span>Fortgreen<\/span>\r\n\t\t\t\t\t<\/div>\r\n\t\t\t\t  <\/div><div class=\"single-block-text\">\r\n\t\t\t\t\t<div class=\"single-box\"><p><i class=\"fas fa-quote-left\"><\/i> Versat offers incredible and easy-to-implement features. <i class=\"fas fa-quote-right\"><\/i><\/p><\/div>\r\n\t\t\t\t <\/div><div class=\"single-block-media\">\r\n\t\t\t\t\t<p><img decoding=\"async\" src=\"https:\/\/versat.ag\/wp-content\/uploads\/2023\/02\/leonardo-calech-versat-erp-crm.jpg\" alt=\"Leonardo Zanchet\" class=\"img-fluid rounded-circle\"><\/p>\r\n\t\t\t\t\t<div class=\"client-info\">\r\n\t\t\t\t\t\t<h3>Leonardo Zanchet<\/h3><span>Caltech<\/span>\r\n\t\t\t\t\t<\/div>\r\n\t\t\t\t  <\/div><\/div>\r\n\t\t\t\t<\/div><\/div><\/div><\/div><\/div><\/div><\/section><div class=\"vc_row wpb_row vc_row-fluid\"><div class=\"wpb_column vc_column_container vc_col-sm-12\"><div class=\"vc_column-inner\"><div class=\"wpb_wrapper\"><div class=\"row justify-content-center\"><div class=\"col-12 col-md-10 col-lg-6\"><div class=\"section-title text-center\"><h3>Stop losing sales in the field<\/h3><p>Schedule a free demo and see how to stop losing sales in the field.<\/p><\/div><\/div><\/div><div class=\"button-store wow fadeInUp\" data-wow-offset=\"10\" data-wow-duration=\"1s\" data-wow-delay=\"0.6s\"><div class=\"vc_btn3-container vc_btn3-center\" ><a class=\"vc_general vc_btn3 vc_btn3-size-md vc_btn3-shape-rounded vc_btn3-style-flat vc_btn3-color-green\" href=\"https:\/\/calendar.app.google\/n3Cm9RDSz4r93AWF8\" title=\"\" target=\"_blank\">Schedule a demo<\/a><\/div><\/div><div class=\"vc_empty_space\"   style=\"height: 62px\"><span class=\"vc_empty_space_inner\"><\/span><\/div><\/div><\/div><\/div><\/div>\n<\/div>","protected":false},"excerpt":{"rendered":"Planes de Suscripci\u00f3n del Versat CRM agro \u00a1Dile adi\u00f3s a las planillas y gestiona tu operaci\u00f3n comercial en el agro de forma f\u00e1cil y eficiente! Precios transparentes, sin sorpresas.Si no est\u00e1s 100% satisfecho con tu compra, dentro de los 30 d\u00edas siguientes a la fecha de compra, te reembolsaremos \u00edntegramente. Agri Esential Hasta 10 usuarios [...]","protected":false},"author":3,"featured_media":0,"parent":0,"menu_order":0,"comment_status":"closed","ping_status":"closed","template":"templates\/front.php","meta":{"footnotes":""},"class_list":["post-4276","page","type-page","status-publish","hentry"],"aioseo_notices":[],"_links":{"self":[{"href":"https:\/\/versat.ag\/en\/wp-json\/wp\/v2\/pages\/4276","targetHints":{"allow":["GET"]}}],"collection":[{"href":"https:\/\/versat.ag\/en\/wp-json\/wp\/v2\/pages"}],"about":[{"href":"https:\/\/versat.ag\/en\/wp-json\/wp\/v2\/types\/page"}],"author":[{"embeddable":true,"href":"https:\/\/versat.ag\/en\/wp-json\/wp\/v2\/users\/3"}],"replies":[{"embeddable":true,"href":"https:\/\/versat.ag\/en\/wp-json\/wp\/v2\/comments?post=4276"}],"version-history":[{"count":39,"href":"https:\/\/versat.ag\/en\/wp-json\/wp\/v2\/pages\/4276\/revisions"}],"predecessor-version":[{"id":5578,"href":"https:\/\/versat.ag\/en\/wp-json\/wp\/v2\/pages\/4276\/revisions\/5578"}],"wp:attachment":[{"href":"https:\/\/versat.ag\/en\/wp-json\/wp\/v2\/media?parent=4276"}],"curies":[{"name":"wp","href":"https:\/\/api.w.org\/{rel}","templated":true}]}}