{"id":4852,"date":"2023-06-17T13:43:55","date_gmt":"2023-06-17T13:43:55","guid":{"rendered":"https:\/\/versat.ag\/?page_id=4852"},"modified":"2025-02-27T11:59:11","modified_gmt":"2025-02-27T11:59:11","slug":"precios","status":"publish","type":"page","link":"https:\/\/versat.ag\/en\/precios\/","title":{"rendered":"Precios Versat"},"content":{"rendered":"<div class=\"wpb-content-wrapper\"><section id=\"banner\" class=\"vc_section\"><div class=\"container\"><div class=\"vc_row wpb_row vc_row-fluid\"><div class=\"wpb_column vc_column_container vc_col-sm-12\"><div class=\"vc_column-inner\"><div class=\"wpb_wrapper\"><div ><div class=\"vc_row wpb_row vc_inner vc_row-fluid align-items-center vc_row-o-content-middle vc_row-flex\"><div class=\"res-margin wpb_column vc_column_container vc_col-sm-6 vc_col-lg-6 vc_col-md-7\"><div class=\"vc_column-inner\"><div class=\"wpb_wrapper\"><div class=\"banner-text\">\r\n\t\t\t\t\t<h1 class=\"wow fadeInUp\" data-wow-offset=\"10\" data-wow-duration=\"1s\" data-wow-delay=\"0s\">Precios sin sorpresas<\/h1><p class=\"wow fadeInUp\" data-wow-offset=\"10\" data-wow-duration=\"1s\" data-wow-delay=\"0.3s\">Planes de suscripci\u00f3n hechos a medida para tu neg\u00f3cio<\/p><\/div><div class=\"button-store wow fadeInUp\" data-wow-offset=\"10\" data-wow-duration=\"1s\" data-wow-delay=\"0.6s\"><a class=\"custom-btn  d-inline-flex align-items-center m-2 m-sm-0 me-sm-3\" href=\"https:\/\/versat.ag\/en\/precios-crm\/\" ><i class=\"\"><\/i><p>Precios CRM<\/p><\/a><a class=\"custom-btn  d-inline-flex align-items-center m-2 m-sm-0 me-sm-3\" href=\"https:\/\/versat.ag\/en\/precios-erp\/\" ><i class=\"\"><\/i><p>Precios ERP<\/p><\/a><\/div><\/div><\/div><\/div><div class=\"wpb_column vc_column_container vc_col-sm-6 vc_col-lg-6 vc_col-md-5\"><div class=\"vc_column-inner\"><div class=\"wpb_wrapper\"><div class=\"banner-image wow fadeInUp\" data-wow-offset=\"10\" data-wow-duration=\"1s\" data-wow-delay=\"0.3s\">\r\n\t\t\t\t\t<img decoding=\"async\" class=\"bounce-effect\" src=\"https:\/\/versat.ag\/wp-content\/uploads\/2023\/03\/logo-versat-erp-crm-nube-pantalla-computadora.PNG-1.png\" alt=\"\" \/>\r\n\t\t\t\t <\/div><\/div><\/div><\/div><\/div><\/div><\/div><\/div><\/div><\/div><\/div><\/section><section id=\"screenshots\" class=\"vc_section bg-grey\"><div class=\"container\"><div class=\"vc_row wpb_row vc_row-fluid\"><div class=\"wpb_column vc_column_container vc_col-sm-6\"><div class=\"vc_column-inner\"><div class=\"wpb_wrapper\"><div class=\"button-store wow fadeInUp\" data-wow-offset=\"10\" data-wow-duration=\"1s\" data-wow-delay=\"0.6s\"><div class=\"row justify-content-center\"><div class=\"col-12 col-md-10 col-lg-6\"><div class=\"section-title text-center\"><h3>Schedule a free diagnosis and discover how we can help simplify your management.<\/h3><\/div><\/div><\/div><div class=\"vc_btn3-container vc_btn3-center\" ><a class=\"vc_general vc_btn3 vc_btn3-size-md vc_btn3-shape-rounded vc_btn3-style-flat vc_btn3-color-success\" href=\"https:\/\/wa.me\/595212386870?text=Hello!Iwanttoscheduleafreediagnosis.\" title=\"\" target=\"_blank\">Schedule Free Demo<\/a><\/div><\/div><\/div><\/div><\/div><div class=\"wpb_column vc_column_container vc_col-sm-6\"><div class=\"vc_column-inner\"><div class=\"wpb_wrapper\"><div class=\"button-store wow fadeInUp\" data-wow-offset=\"10\" data-wow-duration=\"1s\" data-wow-delay=\"0.6s\"><div class=\"row justify-content-center\"><div class=\"col-12 col-md-10 col-lg-6\"><div class=\"section-title text-center\"><h3>Try Versat CRM for free and start predicting your sales and managing your customers.<\/h3><\/div><\/div><\/div><div class=\"vc_btn3-container vc_btn3-center\" ><a class=\"vc_general vc_btn3 vc_btn3-size-md vc_btn3-shape-rounded vc_btn3-style-flat vc_btn3-color-success\" href=\"https:\/\/crm.versat.ag\/Account\/trial\" title=\"\" target=\"_blank\">TRY IT FOR FREE<\/a><\/div><\/div><\/div><\/div><\/div><\/div><div class=\"vc_row wpb_row vc_row-fluid\"><div class=\"wpb_column vc_column_container vc_col-sm-12\"><div class=\"vc_column-inner\"><div class=\"wpb_wrapper\"><div class=\"vc_empty_space\"   style=\"height: 92px\"><span class=\"vc_empty_space_inner\"><\/span><\/div><\/div><\/div><\/div><\/div><\/div><\/section><section id=\"contact\" class=\"vc_section\"><div class=\"container\"><div class=\"vc_row wpb_row vc_row-fluid\"><div class=\"wpb_column vc_column_container vc_col-sm-3\"><div class=\"vc_column-inner\"><div class=\"wpb_wrapper\"><div class=\"button-store wow fadeInUp\" data-wow-offset=\"10\" data-wow-duration=\"1s\" data-wow-delay=\"0.6s\"><div class=\"vc_icon_element vc_icon_element-outer vc_icon_element-align-center\"><div class=\"vc_icon_element-inner vc_icon_element-color-black vc_icon_element-size-md vc_icon_element-style- vc_icon_element-background-color-grey\" ><span class=\"vc_icon_element-icon fab fa-facebook-f\" ><\/span><a class=\"vc_icon_element-link\" href=\"https:\/\/www.facebook.com\/versat.ag\"  title=\"\" target=\"_blank\"><\/a><\/div><\/div><\/div><\/div><\/div><\/div><div class=\"wpb_column vc_column_container vc_col-sm-3\"><div class=\"vc_column-inner\"><div class=\"wpb_wrapper\"><div class=\"button-store wow fadeInUp\" data-wow-offset=\"10\" data-wow-duration=\"1s\" data-wow-delay=\"0.6s\"><div class=\"vc_icon_element vc_icon_element-outer vc_icon_element-align-center\"><div class=\"vc_icon_element-inner vc_icon_element-color-black vc_icon_element-size-md vc_icon_element-style- vc_icon_element-background-color-grey\" ><span class=\"vc_icon_element-icon fab fa-instagram\" ><\/span><a class=\"vc_icon_element-link\" href=\"https:\/\/www.instagram.com\/versatplatform\/\"  title=\"\" target=\"_blank\"><\/a><\/div><\/div><\/div><\/div><\/div><\/div><div class=\"wpb_column vc_column_container vc_col-sm-3\"><div class=\"vc_column-inner\"><div class=\"wpb_wrapper\"><div class=\"button-store wow fadeInUp\" data-wow-offset=\"10\" data-wow-duration=\"1s\" data-wow-delay=\"0.6s\"><div class=\"vc_icon_element vc_icon_element-outer vc_icon_element-align-center\"><div class=\"vc_icon_element-inner vc_icon_element-color-black vc_icon_element-size-md vc_icon_element-style- vc_icon_element-background-color-grey\" ><span class=\"vc_icon_element-icon fab fa-linkedin-in\" ><\/span><a class=\"vc_icon_element-link\" href=\"https:\/\/www.linkedin.com\/company\/versat-saas\/\"  title=\"\" target=\"_blank\"><\/a><\/div><\/div><\/div><\/div><\/div><\/div><div class=\"wpb_column vc_column_container vc_col-sm-3\"><div class=\"vc_column-inner\"><div class=\"wpb_wrapper\"><div class=\"button-store wow fadeInUp\" data-wow-offset=\"10\" data-wow-duration=\"1s\" data-wow-delay=\"0.6s\"><div class=\"vc_icon_element vc_icon_element-outer vc_icon_element-align-center\"><div class=\"vc_icon_element-inner vc_icon_element-color-black vc_icon_element-size-md vc_icon_element-style- vc_icon_element-background-color-grey\" ><span class=\"vc_icon_element-icon fab fa-youtube\" ><\/span><a class=\"vc_icon_element-link\" href=\"https:\/\/www.youtube.com\/@versatplatform\/videos\"  title=\"\" target=\"_blank\"><\/a><\/div><\/div><\/div><\/div><\/div><\/div><\/div><\/div><\/section>\n<\/div>","protected":false},"excerpt":{"rendered":"Precios sin sorpresasPlanes de suscripci\u00f3n hechos a medida para tu neg\u00f3cioPrecios CRMPrecios ERP Agenda un diagn\u00f3stico gratis y descubre c\u00f3mo podemos ayudarte a simplificar tu gesti\u00f3nAgendar Diagn\u00f3stico GratisPrueba gratis Versat CRM y comienza previsibilizar tus ventas y gestionar tus clientesProbar Gratis Ahora","protected":false},"author":3,"featured_media":0,"parent":0,"menu_order":0,"comment_status":"closed","ping_status":"closed","template":"templates\/front.php","meta":{"footnotes":""},"class_list":["post-4852","page","type-page","status-publish","hentry"],"aioseo_notices":[],"_links":{"self":[{"href":"https:\/\/versat.ag\/en\/wp-json\/wp\/v2\/pages\/4852","targetHints":{"allow":["GET"]}}],"collection":[{"href":"https:\/\/versat.ag\/en\/wp-json\/wp\/v2\/pages"}],"about":[{"href":"https:\/\/versat.ag\/en\/wp-json\/wp\/v2\/types\/page"}],"author":[{"embeddable":true,"href":"https:\/\/versat.ag\/en\/wp-json\/wp\/v2\/users\/3"}],"replies":[{"embeddable":true,"href":"https:\/\/versat.ag\/en\/wp-json\/wp\/v2\/comments?post=4852"}],"version-history":[{"count":2,"href":"https:\/\/versat.ag\/en\/wp-json\/wp\/v2\/pages\/4852\/revisions"}],"predecessor-version":[{"id":5270,"href":"https:\/\/versat.ag\/en\/wp-json\/wp\/v2\/pages\/4852\/revisions\/5270"}],"wp:attachment":[{"href":"https:\/\/versat.ag\/en\/wp-json\/wp\/v2\/media?parent=4852"}],"curies":[{"name":"wp","href":"https:\/\/api.w.org\/{rel}","templated":true}]}}