{"id":4276,"date":"2023-03-22T21:27:38","date_gmt":"2023-03-22T21:27:38","guid":{"rendered":"https:\/\/versat.ag\/?page_id=4276"},"modified":"2026-03-26T19:49:07","modified_gmt":"2026-03-26T19:49:07","slug":"precios-crm-agro","status":"publish","type":"page","link":"https:\/\/versat.ag\/pt\/precios-crm-agro\/","title":{"rendered":"Pre\u00e7os CRM"},"content":{"rendered":"<div class=\"wpb-content-wrapper\"><section id=\"banner\" class=\"vc_section wpb_animate_when_almost_visible wpb_fadeInUp fadeInUp parallax\"><div class=\"overlay\"><\/div><div class=\"container\"><div class=\"vc_row wpb_row vc_row-fluid\"><div class=\"wpb_column vc_column_container vc_col-sm-12\"><div class=\"vc_column-inner\"><div class=\"wpb_wrapper\"><div ><div class=\"vc_row wpb_row vc_inner vc_row-fluid align-items-center vc_row-o-content-middle vc_row-flex\"><div class=\"wpb_column vc_column_container vc_col-sm-6 vc_col-lg-offset-3 vc_col-lg-6\"><div class=\"vc_column-inner\"><div class=\"wpb_wrapper\"><div class=\"banner-text text-center\">\r\n\t\t\t\t\t<h1 class=\"wow fadeInUp\" data-wow-offset=\"10\" data-wow-duration=\"1s\" data-wow-delay=\"0s\">Planos de Assinatura do Versat CRM agro<\/h1><p class=\"wow fadeInUp\" data-wow-offset=\"10\" data-wow-duration=\"1s\" data-wow-delay=\"0.3s\"><\/p>\n<h2 style=\"font-weight: 400; font-size: 18px; line-height: 1.5; color: #fff; text-align: center;\">Diga adeus as planilhas e gerencie sua opera\u00e7\u00e3o comercial agro de forma f\u00e1cil e eficiente!<\/h2>\n<p><\/p><\/div>\n\t<div  class=\"wpb_single_image wpb_content_element vc_align_center\">\n\t\t\n\t\t<figure class=\"wpb_wrapper vc_figure\">\n\t\t\t<div class=\"vc_single_image-wrapper   vc_box_border_grey\"><img loading=\"lazy\" decoding=\"async\" width=\"300\" height=\"274\" src=\"https:\/\/versat.ag\/wp-content\/uploads\/2023\/10\/Versat-CRM-Agro-con-app-mobile-y-plataforma-web-300x274.png\" class=\"vc_single_image-img attachment-medium\" alt=\"Inteligencia Artificial\" title=\"Versat CRM Agro con app mobile y plataforma web\" srcset=\"https:\/\/versat.ag\/wp-content\/uploads\/2023\/10\/Versat-CRM-Agro-con-app-mobile-y-plataforma-web-300x274.png 300w, https:\/\/versat.ag\/wp-content\/uploads\/2023\/10\/Versat-CRM-Agro-con-app-mobile-y-plataforma-web-768x701.png 768w, https:\/\/versat.ag\/wp-content\/uploads\/2023\/10\/Versat-CRM-Agro-con-app-mobile-y-plataforma-web-13x12.png 13w, https:\/\/versat.ag\/wp-content\/uploads\/2023\/10\/Versat-CRM-Agro-con-app-mobile-y-plataforma-web.png 847w\" sizes=\"auto, (max-width: 300px) 100vw, 300px\" \/><\/div>\n\t\t<\/figure>\n\t<\/div>\n<\/div><\/div><\/div><\/div><\/div><\/div><\/div><\/div><\/div><\/div><\/section><section id=\"pricing\" class=\"vc_section bg-grey\"><div class=\"container\"><div class=\"vc_row wpb_row vc_row-fluid\"><div class=\"wpb_column vc_column_container vc_col-sm-12\"><div class=\"vc_column-inner\"><div class=\"wpb_wrapper\"><div class=\"row justify-content-center\"><div class=\"col-12 col-md-10 col-lg-6\"><div class=\"section-title text-center\"><h3>Pre\u00e7os transparentes, sem surpresas.<\/h3><p>Se voc\u00ea n\u00e3o estiver 100% satisfeito com sua compra, no prazo de 30 dias a partir da data de compra, reembolsaremos integralmente.<\/p><\/div><\/div><\/div><\/div><\/div><\/div><\/div><div class=\"vc_row wpb_row vc_row-fluid\"><div class=\"wpb_column vc_column_container vc_col-sm-3\"><div class=\"vc_column-inner\"><div class=\"wpb_wrapper\"><div class=\"overview-item\" ><div class=\"overview-box d-flex flex-wrap\">\r\n\t\t\t\t\t<div class=\"icon icon-basic-home\">\r\n\t\t\t\t\t\t\r\n\t\t\t\t\t<\/div>\r\n\t\t\t\t\t<div class=\"content\">\r\n\t\t\t\t\t\t<h6 class=\"font-weight-bold mb-2 mt-0\">Agri Esential<\/h6>\r\n\t\t\t\t\t\t<p>At\u00e9 10 usu\u00e1rios<\/p>\n<p><strong>R$281\/m\u00eas<\/strong><\/p>\n<p>+ R$50\/usu\u00e1rio\/m\u00eas<\/p>\n<p>- 20% pagamento anual<\/p>\r\n\t\t\t\t\t<\/div>\r\n\t\t\t\t<\/div><\/div>\n\t<div class=\"wpb_text_column wpb_content_element\" >\n\t\t<div class=\"wpb_wrapper\">\n\t\t\t<ul>\n<li>Cadastro completo de clientes<\/li>\n<li>Exportar informes em Excel<\/li>\n<li>Anota\u00e7\u00f5es de campo com fotos<\/li>\n<li>Geolocaliza\u00e7\u00e3o de clientes<\/li>\n<li>Agenda de atividades<\/li>\n<li>Segmenta\u00e7\u00f5es de Clientes por perfil<\/li>\n<li>Impress\u00e3o de pedidos no campo<\/li>\n<li>Armazenamento e processamento em nuvem<\/li>\n<li>Escalabilidade autom\u00e1tica de infraestrutura<\/li>\n<li>Alta disponibilidade e conting\u00eancia<\/li>\n<li>Privacidade de dados<\/li>\n<\/ul>\n\n\t\t<\/div>\n\t<\/div>\n<div class=\"vc_empty_space\"   style=\"height: 42px\"><span class=\"vc_empty_space_inner\"><\/span><\/div><div class=\"button-store wow fadeInUp\" data-wow-offset=\"10\" data-wow-duration=\"1s\" data-wow-delay=\"0.6s\"><div class=\"vc_btn3-container vc_btn3-inline\" ><a class=\"vc_general vc_btn3 vc_btn3-size-lg vc_btn3-shape-rounded vc_btn3-style-flat vc_btn3-color-green\" href=\"https:\/\/wa.me\/595212386870?text=Ol\u00e1.TenhointeresseemassinaroplanoAgriElitedoVersatCRM.\" title=\"\" target=\"_blank\">Selecionar plano<\/a><\/div><\/div><\/div><\/div><\/div><div class=\"wpb_column vc_column_container vc_col-sm-3\"><div class=\"vc_column-inner\"><div class=\"wpb_wrapper\"><div class=\"overview-item\" ><div class=\"overview-box d-flex flex-wrap\">\r\n\t\t\t\t\t<div class=\"icon icon-basic-heart\">\r\n\t\t\t\t\t\t\r\n\t\t\t\t\t<\/div>\r\n\t\t\t\t\t<div class=\"content\">\r\n\t\t\t\t\t\t<h6 class=\"font-weight-bold mb-2 mt-0\">Agri 360<\/h6>\r\n\t\t\t\t\t\t<p>At\u00e9 30 usu\u00e1rios<\/p>\n<p><strong>R$562\/m\u00eas<\/strong><\/p>\n<p>+ R$100\/usu\u00e1rio\/m\u00eas<\/p>\n<p>- 20% pagamento anual<\/p>\r\n\t\t\t\t\t<\/div>\r\n\t\t\t\t<\/div><\/div>\n\t<div class=\"wpb_text_column wpb_content_element\" >\n\t\t<div class=\"wpb_wrapper\">\n\t\t\t<p><strong>Tudo do plano Agri Esential mais...<\/strong><\/p>\n<ul>\n<li>Pedidos de venda do campo<\/li>\n<li>Aprova\u00e7\u00e3o de pre\u00e7os abaixo do m\u00ednimo<\/li>\n<li>Funil de vendas<\/li>\n<li>Listas de pre\u00e7os<\/li>\n<li>An\u00e1lise do volume de Atividades <em>VS<\/em> volume de Vendas<\/li>\n<li>An\u00e1lise detalhada dos pedidos de Venda<\/li>\n<li>Privacidade por vendedor<\/li>\n<li>Permiss\u00f5es por perfil<\/li>\n<li>Auditoria de usu\u00e1rios<\/li>\n<li>Metodologia TES\u00c3O parcialmente aplicada<\/li>\n<li>Customer Success<\/li>\n<\/ul>\n\n\t\t<\/div>\n\t<\/div>\n<div class=\"vc_empty_space\"   style=\"height: 42px\"><span class=\"vc_empty_space_inner\"><\/span><\/div><div class=\"button-store wow fadeInUp\" data-wow-offset=\"10\" data-wow-duration=\"1s\" data-wow-delay=\"0.6s\"><div class=\"vc_btn3-container vc_btn3-inline\" ><a class=\"vc_general vc_btn3 vc_btn3-size-lg vc_btn3-shape-rounded vc_btn3-style-flat vc_btn3-color-green\" href=\"https:\/\/wa.me\/595212386870?text=Ol\u00e1.TenhointeresseemassinaroplanoAgriElitedoVersatCRM.\" title=\"\" target=\"_blank\">Selecionar plano<\/a><\/div><\/div><\/div><\/div><\/div><div class=\"wpb_column vc_column_container vc_col-sm-3\"><div class=\"vc_column-inner\"><div class=\"wpb_wrapper\"><div class=\"overview-item\" ><div class=\"overview-box d-flex flex-wrap\">\r\n\t\t\t\t\t<div class=\"icon icon-basic-cup\">\r\n\t\t\t\t\t\t\r\n\t\t\t\t\t<\/div>\r\n\t\t\t\t\t<div class=\"content\">\r\n\t\t\t\t\t\t<h6 class=\"font-weight-bold mb-2 mt-0\">Agri Elite<\/h6>\r\n\t\t\t\t\t\t<p>At\u00e9 50 usu\u00e1rios<\/p>\n<p><strong>R$1.100\/m\u00eas<\/strong><\/p>\n<p>+ R$130\/usu\u00e1rio\/m\u00eas<\/p>\n<p>- 20% pagamento anual<\/p>\r\n\t\t\t\t\t<\/div>\r\n\t\t\t\t<\/div><\/div>\n\t<div class=\"wpb_text_column wpb_content_element\" >\n\t\t<div class=\"wpb_wrapper\">\n\t\t\t<p><strong>Tudo do plano Agri 360 mais...<\/strong><\/p>\n<ul>\n<li>Plano de Neg\u00f3cio<\/li>\n<li>Workflow de aprova\u00e7\u00e3o de pre\u00e7os<\/li>\n<li>Planejamento de compras<\/li>\n<li>Segmenta\u00e7\u00e3o de Clientes por Faturamento<\/li>\n<li>Campanhas de pontos e cashback<\/li>\n<li>An\u00e1lise de Market Share<\/li>\n<li>Identifica\u00e7\u00e3o de potencial de clientes<\/li>\n<li>Metas por cliente<\/li>\n<li>Metodologia TES\u00c3O totalmente aplicada<\/li>\n<li>API de integra\u00e7\u00e3o com terceiros<\/li>\n<li>Informes personalizados<\/li>\n<li>Restri\u00e7\u00f5es avan\u00e7adas de usu\u00e1rios<\/li>\n<\/ul>\n\n\t\t<\/div>\n\t<\/div>\n<div class=\"vc_empty_space\"   style=\"height: 42px\"><span class=\"vc_empty_space_inner\"><\/span><\/div><div class=\"button-store wow fadeInUp\" data-wow-offset=\"10\" data-wow-duration=\"1s\" data-wow-delay=\"0.6s\"><div class=\"vc_btn3-container vc_btn3-inline\" ><a class=\"vc_general vc_btn3 vc_btn3-size-lg vc_btn3-shape-rounded vc_btn3-style-flat vc_btn3-color-green\" href=\"https:\/\/wa.me\/595212386870?text=Ol\u00e1.TenhointeresseemassinaroplanoAgriElitedoVersatCRM.\" title=\"\" target=\"_blank\">Selecionar plano<\/a><\/div><\/div><\/div><\/div><\/div><div class=\"wpb_column vc_column_container vc_col-sm-3\"><div class=\"vc_column-inner\"><div class=\"wpb_wrapper\"><div class=\"overview-item\" ><div class=\"overview-box d-flex flex-wrap\">\r\n\t\t\t\t\t<div class=\"icon icon-ecommerce-diamond\">\r\n\t\t\t\t\t\t\r\n\t\t\t\t\t<\/div>\r\n\t\t\t\t\t<div class=\"content\">\r\n\t\t\t\t\t\t<h6 class=\"font-weight-bold mb-2 mt-0\">Agri Corporate<\/h6>\r\n\t\t\t\t\t\t<p><strong>Usu\u00e1rios ilimitados<\/strong><\/p>\n<p>Pre\u00e7os personalizados<\/p>\n<p>- 20% pagamento anual<\/p>\r\n\t\t\t\t\t<\/div>\r\n\t\t\t\t<\/div><\/div>\n\t<div class=\"wpb_text_column wpb_content_element\" >\n\t\t<div class=\"wpb_wrapper\">\n\t\t\t<p><strong>Tudo do plano Agri Elite mais...<\/strong><\/p>\n<ul>\n<li>Condi\u00e7\u00f5es exclusivas de pagamento<\/li>\n<li>Quantidade personalizada de usu\u00e1rios<\/li>\n<\/ul>\n\n\t\t<\/div>\n\t<\/div>\n<div class=\"vc_empty_space\"   style=\"height: 42px\"><span class=\"vc_empty_space_inner\"><\/span><\/div><div class=\"button-store wow fadeInUp\" data-wow-offset=\"10\" data-wow-duration=\"1s\" data-wow-delay=\"0.6s\"><div class=\"vc_btn3-container vc_btn3-inline\" ><a class=\"vc_general vc_btn3 vc_btn3-size-lg vc_btn3-shape-rounded vc_btn3-style-flat vc_btn3-color-success\" href=\"https:\/\/wa.me\/595212386870?text=Ol\u00e1,gostariadesolicitarumor\u00e7amentoparaumplanoCorporatedoCRM\" title=\"\" target=\"_blank\">Realizar or\u00e7amento<\/a><\/div><\/div><\/div><\/div><\/div><\/div><div class=\"vc_row wpb_row vc_row-fluid\"><div class=\"wpb_column vc_column_container vc_col-sm-12\"><div class=\"vc_column-inner\"><div class=\"wpb_wrapper\"><div class=\"vc_empty_space\"   style=\"height: 32px\"><span class=\"vc_empty_space_inner\"><\/span><\/div><section class=\"vc_cta3-container\"><div class=\"vc_general vc_cta3 bot\u00f3n-center vc_cta3-style-flat vc_cta3-shape-square vc_cta3-align-center vc_cta3-color-black vc_cta3-icon-size-md vc_cta3-actions-bottom\"><div class=\"vc_cta3_content-container\"><div class=\"vc_cta3-content\"><header class=\"vc_cta3-content-header\"><h2>Conte com nossos consultores para escolher o melhor plano.<\/h2><h4>Converse com nossa equipe de consultores e avalie os planos com base em um diagn\u00f3stico do seu agroneg\u00f3cio.<\/h4><\/header><\/div><div class=\"vc_cta3-actions\"><div class=\"vc_btn3-container vc_btn3-center\" ><a class=\"vc_general vc_btn3 vc_btn3-size-lg vc_btn3-shape-rounded vc_btn3-style-outline vc_btn3-color-white\" href=\"https:\/\/wa.me\/595212386870?text=Ol\u00e1.Gostariadefalarcomaequipecomercial\" title=\"\" target=\"_blank\">Falar com consultores<\/a><\/div><\/div><\/div><\/div><\/section><\/div><\/div><\/div><\/div><\/div><\/section><section id=\"testimonials\" class=\"vc_section\"><div class=\"container\"><div class=\"vc_row wpb_row vc_row-fluid\"><div class=\"wpb_column vc_column_container vc_col-sm-12\"><div class=\"vc_column-inner\"><div class=\"wpb_wrapper\"><div class=\"row justify-content-center\"><div class=\"col-12 col-md-10 col-lg-6\"><div class=\"section-title text-center\"><h3>Clientes satisfeitos<\/h3><p><span style=\"font-weight: 400;\">Nosso sucesso depende do sucesso de nossos clientes.<\/span><\/p><\/div><\/div><\/div><\/div><\/div><\/div><\/div><div class=\"vc_row wpb_row vc_row-fluid\"><div class=\"wpb_column vc_column_container vc_col-sm-12\"><div class=\"vc_column-inner\"><div class=\"wpb_wrapper\"><div class=\"row\" >\r\n\t\t\t\t\t<div class=\"col-12 testimonial-carousel\"><div class=\"block-text row\">\r\n\t\t\t\t\t\t\t<div class=\"carousel-text testimonial-slider col-12 col-lg-8 offset-lg-2\"><\/div>\r\n\t\t\t\t\t   <\/div><div class=\"block-media row\">\r\n\t\t\t\t\t\t\t<div class=\"carousel-images testimonial-nav col-12 col-lg-8 offset-lg-2\"><\/div>\r\n\t\t\t\t\t\t<\/div><div class=\"single-block-text\">\r\n\t\t\t\t\t<div class=\"single-box\"><p><i class=\"fas fa-quote-left\"><\/i> V\u00e1rias pessoas t\u00eam me perguntado sobre o Versat ERP e sempre lhes digo: pode contratar, por que \u00e9 um bom servi\u00e7o, um sistema de gest\u00e3o completo para o agro. \u00c9 simples e f\u00e1cil de usar. <i class=\"fas fa-quote-right\"><\/i><\/p><\/div>\r\n\t\t\t\t <\/div><div class=\"single-block-media\">\r\n\t\t\t\t\t<p><img decoding=\"async\" src=\"https:\/\/versat.ag\/wp-content\/uploads\/2023\/02\/kacianekuschel-cliente-versat-erp-crm-agroindustria-nuevo-horizonte.jpg\" alt=\"Kaciane Kuschel\" class=\"img-fluid rounded-circle\"><\/p>\r\n\t\t\t\t\t<div class=\"client-info\">\r\n\t\t\t\t\t\t<h3>Kaciane Kuschel<\/h3><span>Agroindustrial Nuevo Horizonte<\/span>\r\n\t\t\t\t\t<\/div>\r\n\t\t\t\t  <\/div><div class=\"single-block-text\">\r\n\t\t\t\t\t<div class=\"single-box\"><p><i class=\"fas fa-quote-left\"><\/i> Estou muito satisfeito com a Versat. Sempre que tenho alguma necessidade, a equipe sempre me atende de forma r\u00e1pida e muito eficiente. Por isso estou trabalhando com a Versat h\u00e1 muitos anos. <i class=\"fas fa-quote-right\"><\/i><\/p><\/div>\r\n\t\t\t\t <\/div><div class=\"single-block-media\">\r\n\t\t\t\t\t<p><img decoding=\"async\" src=\"https:\/\/versat.ag\/wp-content\/uploads\/2023\/02\/Cliente-Flavio-Tesaro-Versat-erp-crm-Produza-s.a..png\" alt=\"Flavio Tescaro\" class=\"img-fluid rounded-circle\"><\/p>\r\n\t\t\t\t\t<div class=\"client-info\">\r\n\t\t\t\t\t\t<h3>Flavio Tescaro<\/h3><span>Produza S.A.<\/span>\r\n\t\t\t\t\t<\/div>\r\n\t\t\t\t  <\/div><div class=\"single-block-text\">\r\n\t\t\t\t\t<div class=\"single-box\"><p><i class=\"fas fa-quote-left\"><\/i> Realizamos diversos projetos com a Versat Tamb\u00e9m desenvolvemos a nossa parte cont\u00e1vel, o que foi uma grande transforma\u00e7\u00e3o para n\u00f3s. Parabenizo a Versat pelo trabalho com efici\u00eancia, o profissionalismo e a aten\u00e7\u00e3o que sempre nos d\u00e3o. <i class=\"fas fa-quote-right\"><\/i><\/p><\/div>\r\n\t\t\t\t <\/div><div class=\"single-block-media\">\r\n\t\t\t\t\t<p><img decoding=\"async\" src=\"https:\/\/versat.ag\/wp-content\/uploads\/2023\/02\/Roanny-Karoline-spraytec-cliente-versat-erp-crm.jpg\" alt=\"Roanny Vieira\" class=\"img-fluid rounded-circle\"><\/p>\r\n\t\t\t\t\t<div class=\"client-info\">\r\n\t\t\t\t\t\t<h3>Roanny Vieira<\/h3><span>Spraytec<\/span>\r\n\t\t\t\t\t<\/div>\r\n\t\t\t\t  <\/div><div class=\"single-block-text\">\r\n\t\t\t\t\t<div class=\"single-box\"><p><i class=\"fas fa-quote-left\"><\/i> Sistema \u00e1gil, eficaz e adapt\u00e1vel \u00e0 realidade de qualquer empresa do agro. <i class=\"fas fa-quote-right\"><\/i><\/p><\/div>\r\n\t\t\t\t <\/div><div class=\"single-block-media\">\r\n\t\t\t\t\t<p><img decoding=\"async\" src=\"https:\/\/versat.ag\/wp-content\/uploads\/2023\/02\/Edgard-velastiqui-versat-cliente-agro.jpg\" alt=\"Edgard Velastiqui\" class=\"img-fluid rounded-circle\"><\/p>\r\n\t\t\t\t\t<div class=\"client-info\">\r\n\t\t\t\t\t\t<h3>Edgard Velastiqui<\/h3><span>Dekalpar<\/span>\r\n\t\t\t\t\t<\/div>\r\n\t\t\t\t  <\/div><div class=\"single-block-text\">\r\n\t\t\t\t\t<div class=\"single-box\"><p><i class=\"fas fa-quote-left\"><\/i> Versat \u00e9 o sistema ERP que melhor atende as necessidades de nosso agroneg\u00f3cio no Paraguai. <i class=\"fas fa-quote-right\"><\/i><\/p><\/div>\r\n\t\t\t\t <\/div><div class=\"single-block-media\">\r\n\t\t\t\t\t<p><img decoding=\"async\" src=\"https:\/\/versat.ag\/wp-content\/uploads\/2023\/02\/vinicius-adama-versat-erp-crm.jpeg\" alt=\"Vinicius Martins\" class=\"img-fluid rounded-circle\"><\/p>\r\n\t\t\t\t\t<div class=\"client-info\">\r\n\t\t\t\t\t\t<h3>Vinicius Martins<\/h3><span>Adama<\/span>\r\n\t\t\t\t\t<\/div>\r\n\t\t\t\t  <\/div><div class=\"single-block-text\">\r\n\t\t\t\t\t<div class=\"single-box\"><p><i class=\"fas fa-quote-left\"><\/i> Versat opera com agilidade, inova\u00e7\u00e3o, e muita amabilidade. <i class=\"fas fa-quote-right\"><\/i><\/p><\/div>\r\n\t\t\t\t <\/div><div class=\"single-block-media\">\r\n\t\t\t\t\t<p><img decoding=\"async\" src=\"https:\/\/versat.ag\/wp-content\/uploads\/2023\/02\/gabrielle-ciabay-versat-erp-crm.jpeg\" alt=\"Gabriele Diaz\" class=\"img-fluid rounded-circle\"><\/p>\r\n\t\t\t\t\t<div class=\"client-info\">\r\n\t\t\t\t\t\t<h3>Gabriele Diaz<\/h3><span>CIABAY<\/span>\r\n\t\t\t\t\t<\/div>\r\n\t\t\t\t  <\/div><div class=\"single-block-text\">\r\n\t\t\t\t\t<div class=\"single-box\"><p><i class=\"fas fa-quote-left\"><\/i> O sistema \u00e9 inteligente e, por estar na nuvem, tudo \u00e9 mais r\u00e1pido. <i class=\"fas fa-quote-right\"><\/i><\/p><\/div>\r\n\t\t\t\t <\/div><div class=\"single-block-media\">\r\n\t\t\t\t\t<p><img decoding=\"async\" src=\"https:\/\/versat.ag\/wp-content\/uploads\/2023\/02\/Bruno-Fortgreen-versat-erp-crm.jpeg\" alt=\"Bruno Pereira\" class=\"img-fluid rounded-circle\"><\/p>\r\n\t\t\t\t\t<div class=\"client-info\">\r\n\t\t\t\t\t\t<h3>Bruno Pereira<\/h3><span>Fortgreen<\/span>\r\n\t\t\t\t\t<\/div>\r\n\t\t\t\t  <\/div><div class=\"single-block-text\">\r\n\t\t\t\t\t<div class=\"single-box\"><p><i class=\"fas fa-quote-left\"><\/i> A Versat conta com recursos incr\u00edveis e f\u00e1ceis de implantar. <i class=\"fas fa-quote-right\"><\/i><\/p><\/div>\r\n\t\t\t\t <\/div><div class=\"single-block-media\">\r\n\t\t\t\t\t<p><img decoding=\"async\" src=\"https:\/\/versat.ag\/wp-content\/uploads\/2023\/02\/leonardo-calech-versat-erp-crm.jpg\" alt=\"Leonardo Zanchet\" class=\"img-fluid rounded-circle\"><\/p>\r\n\t\t\t\t\t<div class=\"client-info\">\r\n\t\t\t\t\t\t<h3>Leonardo Zanchet<\/h3><span>Caltech<\/span>\r\n\t\t\t\t\t<\/div>\r\n\t\t\t\t  <\/div><\/div>\r\n\t\t\t\t<\/div><\/div><\/div><\/div><\/div><\/div><\/section><div class=\"vc_row wpb_row vc_row-fluid\"><div class=\"wpb_column vc_column_container vc_col-sm-12\"><div class=\"vc_column-inner\"><div class=\"wpb_wrapper\"><div class=\"row justify-content-center\"><div class=\"col-12 col-md-10 col-lg-6\"><div class=\"section-title text-center\"><h3>Deixe de perder vendas no campo<\/h3><p>Agende uma demonstra\u00e7\u00e3o gratuita e veja como parar de perder vendas no campo.<\/p><\/div><\/div><\/div><div class=\"button-store wow fadeInUp\" data-wow-offset=\"10\" data-wow-duration=\"1s\" data-wow-delay=\"0.6s\"><div class=\"vc_btn3-container vc_btn3-center\" ><a class=\"vc_general vc_btn3 vc_btn3-size-md vc_btn3-shape-rounded vc_btn3-style-flat vc_btn3-color-green\" href=\"https:\/\/calendar.app.google\/n3Cm9RDSz4r93AWF8\" title=\"\" target=\"_blank\">Agendar demonstra\u00e7\u00e3o<\/a><\/div><\/div><div class=\"vc_empty_space\"   style=\"height: 62px\"><span class=\"vc_empty_space_inner\"><\/span><\/div><\/div><\/div><\/div><\/div>\n<\/div>","protected":false},"excerpt":{"rendered":"Planes de Suscripci\u00f3n del Versat CRM agro \u00a1Dile adi\u00f3s a las planillas y gestiona tu operaci\u00f3n comercial en el agro de forma f\u00e1cil y eficiente! Precios transparentes, sin sorpresas.Si no est\u00e1s 100% satisfecho con tu compra, dentro de los 30 d\u00edas siguientes a la fecha de compra, te reembolsaremos \u00edntegramente. Agri Esential Hasta 10 usuarios [...]","protected":false},"author":3,"featured_media":0,"parent":0,"menu_order":0,"comment_status":"closed","ping_status":"closed","template":"templates\/front.php","meta":{"footnotes":""},"class_list":["post-4276","page","type-page","status-publish","hentry"],"aioseo_notices":[],"_links":{"self":[{"href":"https:\/\/versat.ag\/pt\/wp-json\/wp\/v2\/pages\/4276","targetHints":{"allow":["GET"]}}],"collection":[{"href":"https:\/\/versat.ag\/pt\/wp-json\/wp\/v2\/pages"}],"about":[{"href":"https:\/\/versat.ag\/pt\/wp-json\/wp\/v2\/types\/page"}],"author":[{"embeddable":true,"href":"https:\/\/versat.ag\/pt\/wp-json\/wp\/v2\/users\/3"}],"replies":[{"embeddable":true,"href":"https:\/\/versat.ag\/pt\/wp-json\/wp\/v2\/comments?post=4276"}],"version-history":[{"count":39,"href":"https:\/\/versat.ag\/pt\/wp-json\/wp\/v2\/pages\/4276\/revisions"}],"predecessor-version":[{"id":5578,"href":"https:\/\/versat.ag\/pt\/wp-json\/wp\/v2\/pages\/4276\/revisions\/5578"}],"wp:attachment":[{"href":"https:\/\/versat.ag\/pt\/wp-json\/wp\/v2\/media?parent=4276"}],"curies":[{"name":"wp","href":"https:\/\/api.w.org\/{rel}","templated":true}]}}