{"id":4630,"date":"2023-05-09T17:24:51","date_gmt":"2023-05-09T17:24:51","guid":{"rendered":"https:\/\/versat.ag\/?page_id=4630"},"modified":"2026-04-14T13:53:38","modified_gmt":"2026-04-14T13:53:38","slug":"versat-community","status":"publish","type":"page","link":"https:\/\/versat.ag\/pt\/versat-community\/","title":{"rendered":"Comunidade"},"content":{"rendered":"<div class=\"wpb-content-wrapper\"><section id=\"banner\" class=\"vc_section\"><div class=\"container\"><div class=\"vc_row wpb_row vc_row-fluid\"><div class=\"wpb_column vc_column_container vc_col-sm-12\"><div class=\"vc_column-inner\"><div class=\"wpb_wrapper\"><div ><div class=\"vc_row wpb_row vc_inner vc_row-fluid align-items-center vc_row-o-content-middle vc_row-flex\"><div class=\"res-margin wpb_column vc_column_container vc_col-sm-6 vc_col-lg-6 vc_col-md-7\"><div class=\"vc_column-inner\"><div class=\"wpb_wrapper\"><div class=\"banner-text\">\r\n\t\t\t\t\t<h1 class=\"wow fadeInUp\" data-wow-offset=\"10\" data-wow-duration=\"1s\" data-wow-delay=\"0s\">Comunidade Versat<\/h1><p class=\"wow fadeInUp\" data-wow-offset=\"10\" data-wow-duration=\"1s\" data-wow-delay=\"0.3s\">Integramos o nosso sistema com softwares confi\u00e1veis que podem lhe oferecer um alto n\u00edvel de gest\u00e3o para o seu agroneg\u00f3cio.<\/p><\/div><div class=\"vc_btn3-container vc_btn3-left\" ><a class=\"vc_general vc_btn3 vc_btn3-size-md vc_btn3-shape-rounded vc_btn3-style-outline vc_btn3-color-default\" href=\"https:\/\/versat.docs.apiary.io\/#\" title=\"\" target=\"_blank\">Ver API de Versat<\/a><\/div><\/div><\/div><\/div><div class=\"wpb_column vc_column_container vc_col-sm-6 vc_col-lg-6 vc_col-md-5\"><div class=\"vc_column-inner\"><div class=\"wpb_wrapper\"><div class=\"banner-image wow fadeInUp\" data-wow-offset=\"10\" data-wow-duration=\"1s\" data-wow-delay=\"0.3s\">\r\n\t\t\t\t\t<img decoding=\"async\" class=\"bounce-effect\" src=\"https:\/\/versat.ag\/wp-content\/uploads\/2023\/03\/logo-versat-erp-crm-nube-pantalla-computadora.PNG-1.png\" alt=\"\" \/>\r\n\t\t\t\t <\/div><\/div><\/div><\/div><\/div><\/div><\/div><\/div><\/div><\/div><\/div><\/section><div class=\"vc_row wpb_row vc_row-fluid\"><div class=\"wpb_column vc_column_container vc_col-sm-12\"><div class=\"vc_column-inner\"><div class=\"wpb_wrapper\">\n\t<div class=\"wpb_raw_code wpb_content_element wpb_raw_html\" >\n\t\t<div class=\"wpb_wrapper\">\n\t\t\t<iframe loading=\"lazy\" class=\"airtable-embed\" src=\"https:\/\/airtable.com\/embed\/shrj9Sr2riZApTMs3?backgroundColor=blue\" frameborder=\"0\" onmousewheel=\"\" width=\"100%\" height=\"2000\" style=\"background: transparent; border: 1px solid #ccc;\"><\/iframe>\n\t\t<\/div>\n\t<\/div>\n<\/div><\/div><\/div><\/div><section id=\"screenshots\" class=\"vc_section bg-grey\"><div class=\"container\"><div class=\"vc_row wpb_row vc_row-fluid\"><div class=\"wpb_column vc_column_container vc_col-sm-6\"><div class=\"vc_column-inner\"><div class=\"wpb_wrapper\"><div class=\"button-store wow fadeInUp\" data-wow-offset=\"10\" data-wow-duration=\"1s\" data-wow-delay=\"0.6s\"><div class=\"row justify-content-center\"><div class=\"col-12 col-md-10 col-lg-6\"><div class=\"section-title text-center\"><h3>Agende uma demonstra\u00e7\u00e3o gr\u00e1tis do ERP feito para agroneg\u00f3cios.<\/h3><\/div><\/div><\/div><div class=\"vc_btn3-container vc_btn3-center\" ><a class=\"vc_general vc_btn3 vc_btn3-size-md vc_btn3-shape-rounded vc_btn3-style-flat vc_btn3-color-success\" href=\"https:\/\/calendar.google.com\/calendar\/u\/0\/appointments\/schedules\/AcZssZ26n8NpPkpx8DmsGUb6CoY3M1o0N-8cPh2CLGYI3IFzc3GoNTWie0fAocI7ZyuI2Mi2oDl7kNpV\" title=\"\" target=\"_blank\">Agendar demonstra\u00e7\u00e3o<\/a><\/div><\/div><\/div><\/div><\/div><div class=\"wpb_column vc_column_container vc_col-sm-6\"><div class=\"vc_column-inner\"><div class=\"wpb_wrapper\"><div class=\"button-store wow fadeInUp\" data-wow-offset=\"10\" data-wow-duration=\"1s\" data-wow-delay=\"0.6s\"><div class=\"row justify-content-center\"><div class=\"col-12 col-md-10 col-lg-6\"><div class=\"section-title text-center\"><h3>Agende a sua demonstra\u00e7\u00e3o e conhe\u00e7a o melhor CRM agro.<\/h3><\/div><\/div><\/div><div class=\"vc_btn3-container vc_btn3-center\" ><a class=\"vc_general vc_btn3 vc_btn3-size-md vc_btn3-shape-rounded vc_btn3-style-flat vc_btn3-color-success\" href=\"https:\/\/calendar.app.google\/n3Cm9RDSz4r93AWF8\" title=\"\" target=\"_blank\">Agendar demonstra\u00e7\u00e3o<\/a><\/div><\/div><\/div><\/div><\/div><\/div><div class=\"vc_row wpb_row vc_row-fluid\"><div class=\"wpb_column vc_column_container vc_col-sm-12\"><div class=\"vc_column-inner\"><div class=\"wpb_wrapper\"><div class=\"vc_empty_space\"   style=\"height: 92px\"><span class=\"vc_empty_space_inner\"><\/span><\/div><\/div><\/div><\/div><\/div><\/div><\/section><section id=\"contact\" class=\"vc_section\"><div class=\"container\"><div class=\"vc_row wpb_row vc_row-fluid\"><div class=\"wpb_column vc_column_container vc_col-sm-3\"><div class=\"vc_column-inner\"><div class=\"wpb_wrapper\"><div class=\"button-store wow fadeInUp\" data-wow-offset=\"10\" data-wow-duration=\"1s\" data-wow-delay=\"0.6s\"><div class=\"vc_icon_element vc_icon_element-outer vc_icon_element-align-center\"><div class=\"vc_icon_element-inner vc_icon_element-color-black vc_icon_element-size-md vc_icon_element-style- vc_icon_element-background-color-grey\" ><span class=\"vc_icon_element-icon fab fa-facebook-f\" ><\/span><a class=\"vc_icon_element-link\" href=\"https:\/\/www.facebook.com\/versat.ag\"  title=\"\" target=\"_blank\"><\/a><\/div><\/div><\/div><\/div><\/div><\/div><div class=\"wpb_column vc_column_container vc_col-sm-3\"><div class=\"vc_column-inner\"><div class=\"wpb_wrapper\"><div class=\"button-store wow fadeInUp\" data-wow-offset=\"10\" data-wow-duration=\"1s\" data-wow-delay=\"0.6s\"><div class=\"vc_icon_element vc_icon_element-outer vc_icon_element-align-center\"><div class=\"vc_icon_element-inner vc_icon_element-color-black vc_icon_element-size-md vc_icon_element-style- vc_icon_element-background-color-grey\" ><span class=\"vc_icon_element-icon fab fa-instagram\" ><\/span><a class=\"vc_icon_element-link\" href=\"https:\/\/www.instagram.com\/versatplatform\/\"  title=\"\" target=\"_blank\"><\/a><\/div><\/div><\/div><\/div><\/div><\/div><div class=\"wpb_column vc_column_container vc_col-sm-3\"><div class=\"vc_column-inner\"><div class=\"wpb_wrapper\"><div class=\"button-store wow fadeInUp\" data-wow-offset=\"10\" data-wow-duration=\"1s\" data-wow-delay=\"0.6s\"><div class=\"vc_icon_element vc_icon_element-outer vc_icon_element-align-center\"><div class=\"vc_icon_element-inner vc_icon_element-color-black vc_icon_element-size-md vc_icon_element-style- vc_icon_element-background-color-grey\" ><span class=\"vc_icon_element-icon fab fa-linkedin-in\" ><\/span><a class=\"vc_icon_element-link\" href=\"https:\/\/www.linkedin.com\/company\/versat-saas\/\"  title=\"\" target=\"_blank\"><\/a><\/div><\/div><\/div><\/div><\/div><\/div><div class=\"wpb_column vc_column_container vc_col-sm-3\"><div class=\"vc_column-inner\"><div class=\"wpb_wrapper\"><div class=\"button-store wow fadeInUp\" data-wow-offset=\"10\" data-wow-duration=\"1s\" data-wow-delay=\"0.6s\"><div class=\"vc_icon_element vc_icon_element-outer vc_icon_element-align-center\"><div class=\"vc_icon_element-inner vc_icon_element-color-black vc_icon_element-size-md vc_icon_element-style- vc_icon_element-background-color-grey\" ><span class=\"vc_icon_element-icon fab fa-youtube\" ><\/span><a class=\"vc_icon_element-link\" href=\"https:\/\/www.youtube.com\/@versatplatform\/videos\"  title=\"\" target=\"_blank\"><\/a><\/div><\/div><\/div><\/div><\/div><\/div><\/div><\/div><\/section>\n<\/div>","protected":false},"excerpt":{"rendered":"Versat CommunityIntegramos nuestro sistema con softwares confiables que pueden ofrecerte un alto nivel de gesti\u00f3n para tu agronegocio.Ver API de Versat Agenda una demostraci\u00f3n gratis del ERP hecho para agronegocios.Agendar demostraci\u00f3n.Agenda tu demostraci\u00f3n y conoce el mejor CRM agro.Agendar demostraci\u00f3n","protected":false},"author":3,"featured_media":0,"parent":0,"menu_order":0,"comment_status":"closed","ping_status":"closed","template":"templates\/front.php","meta":{"footnotes":""},"class_list":["post-4630","page","type-page","status-publish","hentry"],"aioseo_notices":[],"_links":{"self":[{"href":"https:\/\/versat.ag\/pt\/wp-json\/wp\/v2\/pages\/4630","targetHints":{"allow":["GET"]}}],"collection":[{"href":"https:\/\/versat.ag\/pt\/wp-json\/wp\/v2\/pages"}],"about":[{"href":"https:\/\/versat.ag\/pt\/wp-json\/wp\/v2\/types\/page"}],"author":[{"embeddable":true,"href":"https:\/\/versat.ag\/pt\/wp-json\/wp\/v2\/users\/3"}],"replies":[{"embeddable":true,"href":"https:\/\/versat.ag\/pt\/wp-json\/wp\/v2\/comments?post=4630"}],"version-history":[{"count":14,"href":"https:\/\/versat.ag\/pt\/wp-json\/wp\/v2\/pages\/4630\/revisions"}],"predecessor-version":[{"id":5590,"href":"https:\/\/versat.ag\/pt\/wp-json\/wp\/v2\/pages\/4630\/revisions\/5590"}],"wp:attachment":[{"href":"https:\/\/versat.ag\/pt\/wp-json\/wp\/v2\/media?parent=4630"}],"curies":[{"name":"wp","href":"https:\/\/api.w.org\/{rel}","templated":true}]}}